{"id":3,"date":"2021-01-08T09:44:53","date_gmt":"2021-01-08T09:44:53","guid":{"rendered":"http:\/\/boqiled.com\/?page_id=3"},"modified":"2025-11-04T15:26:29","modified_gmt":"2025-11-04T07:26:29","slug":"datenschutz-bestimmungen","status":"publish","type":"page","link":"https:\/\/boqiled.com\/de\/datenschutz-bestimmungen\/","title":{"rendered":"Privacy Policy"},"content":{"rendered":"<div data-elementor-type=\"wp-page\" data-elementor-id=\"3\" class=\"elementor elementor-3\" data-elementor-post-type=\"page\">\n\t\t\t\t\t\t<section class=\"elementor-section elementor-top-section elementor-element elementor-element-46bd519d elementor-section-boxed elementor-section-height-default elementor-section-height-default\" data-id=\"46bd519d\" data-element_type=\"section\">\n\t\t\t\t\t\t<div class=\"elementor-container elementor-column-gap-default\">\n\t\t\t\t\t<div class=\"elementor-column elementor-col-100 elementor-top-column elementor-element elementor-element-7879a18e\" data-id=\"7879a18e\" data-element_type=\"column\">\n\t\t\t<div class=\"elementor-widget-wrap elementor-element-populated\">\n\t\t\t\t\t\t<div class=\"elementor-element elementor-element-14273c2b elementor-widget elementor-widget-text-editor\" data-id=\"14273c2b\" data-element_type=\"widget\" data-widget_type=\"text-editor.default\">\n\t\t\t\t\t\t\t\t\t\n<h2 class=\"wp-block-heading\">Datenschutz ist wichtig.<\/h2>\n\n<p>Wir wissen, dass der Datenschutz heutzutage ein Top-Thema ist, und wir m\u00f6chten, dass Sie Ihre Interaktion mit uns genie\u00dfen, w\u00e4hrend Sie wissen, dass wir Ihre personenbezogenen Daten sch\u00e4tzen und sch\u00fctzen.<\/p>\n\n<p>Hier finden Sie einen \u00dcberblick dar\u00fcber, wie wir Ihre personenbezogenen Daten verarbeiten, zu welchen Zwecken wir sie verarbeiten und wie Sie davon profitieren. Au\u00dferdem erfahren Sie, welche Rechte Sie haben und wie Sie uns kontaktieren k\u00f6nnen.<\/p>\n\n<h2 class=\"wp-block-heading\">Aktualisierungen dieser Datenschutzerkl\u00e4rung<\/h2>\n\n<p>Da sich Gesch\u00e4ft und Technologie weiterentwickeln, m\u00fcssen wir diese Datenschutzerkl\u00e4rung m\u00f6glicherweise \u00e4ndern. Wir empfehlen Ihnen, diese Datenschutzerkl\u00e4rung regelm\u00e4\u00dfig zu lesen, um sicherzustellen, dass Sie auf dem Laufenden dar\u00fcber sind, wie boqi Ihre personenbezogenen Daten verwendet.<\/p>\n\n<h3 class=\"wp-block-heading\">Unter 13 Jahre alt?<\/h3>\n\n<p>Wenn Sie unter 13 Jahre alt sind, bitten wir Sie, zu warten, bis Sie etwas \u00e4lter sind, um mit uns zu interagieren, oder bitten Sie einen Elternteil oder Erziehungsberechtigten, uns zu kontaktieren! Wir k\u00f6nnen Ihre personenbezogenen Daten nicht ohne deren Zustimmung erheben und verwenden.<\/p>\n\n<h3 class=\"wp-block-heading\">Warum verarbeiten wir Ihre personenbezogenen Daten?<\/h3>\n\n<p>Wir verarbeiten Ihre personenbezogenen Daten, einschlie\u00dflich aller sensiblen personenbezogenen Daten, die Sie uns mit Ihrer Zustimmung zur Verf\u00fcgung gestellt haben, um mit Ihnen zu kommunizieren, Ihre Bestellungen auszuf\u00fchren, Ihre Fragen zu beantworten und Ihnen Mitteilungen \u00fcber boqi und unsere Produkte zukommen zu lassen. Wir verarbeiten Ihre personenbezogenen Daten auch, um uns dabei zu helfen, Gesetze einzuhalten, relevante Teile unseres Gesch\u00e4fts zu verkaufen oder zu \u00fcbertragen, unsere Systeme und Finanzen zu verwalten, Untersuchungen durchzuf\u00fchren und gesetzliche Rechte auszu\u00fcben. Wir kombinieren Ihre personenbezogenen Daten aus allen Quellen, damit wir Sie besser verstehen und Ihre Erfahrung bei der Interaktion mit uns verbessern und personalisieren k\u00f6nnen.<\/p>\n\n<h3 class=\"wp-block-heading\">Wer kann auf Ihre personenbezogenen Daten zugreifen und warum?<\/h3>\n\n<p>Wir beschr\u00e4nken die Weitergabe Ihrer personenbezogenen Daten an Dritte, m\u00fcssen Ihre personenbezogenen Daten jedoch in bestimmten F\u00e4llen und haupts\u00e4chlich an die folgenden Empf\u00e4nger weitergeben:<\/p>\n\n<p>Unternehmen innerhalb der boqi-Gruppe, sofern dies f\u00fcr unsere berechtigten Interessen erforderlich ist oder mit Ihrer Zustimmung;<\/p>\n\n<p>Dritte, die von uns mit der Bereitstellung von Diensten wie der Verwaltung von boqi-Websites, -Anwendungen und -Diensten (z. B. Funktionen, Programme und Werbeaktionen) beauftragt werden, die Ihnen zur Verf\u00fcgung stehen, vorbehaltlich angemessener Schutzma\u00dfnahmen;<\/p>\n\n<p>Wirtschaftsauskunfteien\/Inkassounternehmen, soweit gesetzlich zul\u00e4ssig und wenn wir Ihre Kreditw\u00fcrdigkeit pr\u00fcfen (z. B. bei Bestellung auf Rechnung) oder ausstehende Rechnungen einziehen m\u00fcssen; und Relevante \u00f6ffentliche Stellen und Beh\u00f6rden, wenn dies gesetzlich oder aufgrund berechtigter Gesch\u00e4ftsinteressen erforderlich ist.<\/p>\n\n<h2 class=\"wp-block-heading\">Datensicherheit und Aufbewahrung<\/h2>\n\n<p>Wir verwenden eine Vielzahl von Ma\u00dfnahmen, um Ihre personenbezogenen Daten vertraulich und sicher zu halten, einschlie\u00dflich der Beschr\u00e4nkung des Zugriffs auf Ihre personenbezogenen Daten auf einer Need-to-Know-Basis und der Einhaltung angemessener Sicherheitsstandards zum Schutz Ihrer Daten.<\/p>\n\n<p>Wir unternehmen alle angemessenen Schritte, um sicherzustellen, dass Ihre personenbezogenen Daten nur f\u00fcr den Mindestzeitraum verarbeitet werden, der in Verbindung mit: (i) den in dieser Datenschutzerkl\u00e4rung dargelegten Zwecken erforderlich ist; (ii) alle zus\u00e4tzlichen Zwecke, die Ihnen zum oder vor dem Zeitpunkt der Erhebung der relevanten personenbezogenen Daten oder dem Beginn der entsprechenden Verarbeitung mitgeteilt wurden; oder (iii) wie nach geltendem Recht erforderlich oder zul\u00e4ssig; und danach f\u00fcr die Dauer einer anwendbaren Verj\u00e4hrungsfrist. Kurz gesagt, sobald Ihre personenbezogenen Daten nicht mehr ben\u00f6tigt werden, werden wir sie auf sichere Weise vernichten oder l\u00f6schen.<\/p>\n\n<h2 class=\"wp-block-heading\">Kontaktiere uns<\/h2>\n\n<p>boqi fungiert als \u201eVerantwortlicher\u201c Ihrer personenbezogenen Daten, die gem\u00e4\u00df oder in Verbindung mit dieser Datenschutzerkl\u00e4rung verarbeitet werden. Wenn Sie Fragen oder Kommentare zu dieser Datenschutzerkl\u00e4rung oder den Praktiken der Erhebung und Verarbeitung personenbezogener Daten von boqi haben, kontaktieren Sie uns bitte oder senden Sie eine E-Mail an info@boqiled.com oder senden Sie uns eine E-Mail an:<\/p>\n\n<p>Shangshuijing 6 Industrial Park,<br \/>Bezirk Longgang, Stadt Shenzhen,<br \/>Provinz Guangdong<br \/>China.<\/p>\n\t\t\t\t\t\t\t\t<\/div>\n\t\t\t\t\t<\/div>\n\t\t<\/div>\n\t\t\t\t\t<\/div>\n\t\t<\/section>\n\t\t\t\t<\/div>","protected":false},"excerpt":{"rendered":"<p>Privacy matters. We know that data privacy is a top issue today, and we want you to enjoy your interaction with us whilst knowing that we value your Personal Data and that we protect it. Here you will find an overview of how we process your Personal Data, the purposes for which we process it, [&hellip;]<\/p>","protected":false},"author":1,"featured_media":0,"parent":0,"menu_order":0,"comment_status":"closed","ping_status":"open","template":"","meta":{"_seopress_robots_primary_cat":"","_seopress_titles_title":"","_seopress_titles_desc":"Privacy Policy, Who we are, Our website address is: http:\/\/boqiled.com. And let you know what personal data we collect and why we collect it","_seopress_robots_index":"","footnotes":""},"class_list":["post-3","page","type-page","status-publish"],"_links":{"self":[{"href":"https:\/\/boqiled.com\/de\/wp-json\/wp\/v2\/pages\/3","targetHints":{"allow":["GET"]}}],"collection":[{"href":"https:\/\/boqiled.com\/de\/wp-json\/wp\/v2\/pages"}],"about":[{"href":"https:\/\/boqiled.com\/de\/wp-json\/wp\/v2\/types\/page"}],"author":[{"embeddable":true,"href":"https:\/\/boqiled.com\/de\/wp-json\/wp\/v2\/users\/1"}],"replies":[{"embeddable":true,"href":"https:\/\/boqiled.com\/de\/wp-json\/wp\/v2\/comments?post=3"}],"version-history":[{"count":0,"href":"https:\/\/boqiled.com\/de\/wp-json\/wp\/v2\/pages\/3\/revisions"}],"wp:attachment":[{"href":"https:\/\/boqiled.com\/de\/wp-json\/wp\/v2\/media?parent=3"}],"curies":[{"name":"wp","href":"https:\/\/api.w.org\/{rel}","templated":true}]}}