{"id":3,"date":"2021-01-08T09:44:53","date_gmt":"2021-01-08T09:44:53","guid":{"rendered":"http:\/\/boqiled.com\/?page_id=3"},"modified":"2025-11-04T15:26:29","modified_gmt":"2025-11-04T07:26:29","slug":"politica-de-privacidad","status":"publish","type":"page","link":"https:\/\/boqiled.com\/es\/politica-de-privacidad\/","title":{"rendered":"Privacy Policy"},"content":{"rendered":"<div data-elementor-type=\"wp-page\" data-elementor-id=\"3\" class=\"elementor elementor-3\" data-elementor-post-type=\"page\">\n\t\t\t\t\t\t<section class=\"elementor-section elementor-top-section elementor-element elementor-element-46bd519d elementor-section-boxed elementor-section-height-default elementor-section-height-default\" data-id=\"46bd519d\" data-element_type=\"section\">\n\t\t\t\t\t\t<div class=\"elementor-container elementor-column-gap-default\">\n\t\t\t\t\t<div class=\"elementor-column elementor-col-100 elementor-top-column elementor-element elementor-element-7879a18e\" data-id=\"7879a18e\" data-element_type=\"column\">\n\t\t\t<div class=\"elementor-widget-wrap elementor-element-populated\">\n\t\t\t\t\t\t<div class=\"elementor-element elementor-element-14273c2b elementor-widget elementor-widget-text-editor\" data-id=\"14273c2b\" data-element_type=\"widget\" data-widget_type=\"text-editor.default\">\n\t\t\t\t\t\t\t\t\t\n<h2 class=\"wp-block-heading\">La privacidad importa.<\/h2>\n\n<p>Sabemos que la privacidad de los datos es un tema importante en la actualidad, y queremos que disfrute de su interacci\u00f3n con nosotros sabiendo que valoramos sus datos personales y que los protegemos.<\/p>\n\n<p>Aqu\u00ed encontrar\u00e1 una descripci\u00f3n general de c\u00f3mo procesamos sus Datos personales, los fines para los que los procesamos y c\u00f3mo se beneficia. Tambi\u00e9n ver\u00e1s cu\u00e1les son tus derechos y c\u00f3mo puedes contactar con nosotros.<\/p>\n\n<h2 class=\"wp-block-heading\">Actualizaciones a este Aviso de Privacidad<\/h2>\n\n<p>A medida que evolucionan los negocios y la tecnolog\u00eda, es posible que debamos cambiar este Aviso de privacidad. Lo alentamos a que revise regularmente este Aviso de privacidad para asegurarse de estar actualizado sobre c\u00f3mo boqi est\u00e1 usando sus Datos personales.<\/p>\n\n<h3 class=\"wp-block-heading\">\u00bfMenor de 13 a\u00f1os?<\/h3>\n\n<p>Si tiene menos de 13 a\u00f1os, le pedimos que espere a ser un poco mayor para interactuar con nosotros o que le pida a un padre o tutor que se comunique con nosotros. No podemos recopilar ni utilizar sus Datos personales sin su consentimiento.<\/p>\n\n<h3 class=\"wp-block-heading\">\u00bfPor qu\u00e9 tratamos sus Datos Personales?<\/h3>\n\n<p>Procesamos sus Datos personales, incluidos los datos personales confidenciales que nos haya proporcionado con su consentimiento, para comunicarnos con usted, cumplir con sus pedidos de compra, responder a sus consultas y brindarle comunicaciones sobre boqi y nuestros productos. Tambi\u00e9n procesamos sus Datos personales para ayudarnos a cumplir con la ley, vender o transferir cualquier parte relevante de nuestro negocio, administrar nuestros sistemas y finanzas, realizar investigaciones y ejercer derechos legales. Combinamos sus Datos personales de todas las fuentes para que podamos entenderlo mejor para mejorar y personalizar su experiencia cuando interact\u00faa con nosotros.<\/p>\n\n<h3 class=\"wp-block-heading\">\u00bfQui\u00e9n puede acceder a sus Datos Personales y por qu\u00e9?<\/h3>\n\n<p>Limitamos la divulgaci\u00f3n de sus Datos personales a otros, sin embargo, necesitamos divulgar sus Datos personales en ciertos casos y principalmente a los siguientes destinatarios:<\/p>\n\n<p>Empresas dentro del Grupo boqi, cuando sea necesario para nuestros intereses leg\u00edtimos o con su consentimiento;<\/p>\n\n<p>Terceros contratados por nosotros para proporcionar servicios como la administraci\u00f3n de sitios web, aplicaciones y servicios de boqi (por ejemplo, caracter\u00edsticas, programas y promociones) disponibles para usted, sujetos a las protecciones adecuadas;<\/p>\n\n<p>Agencias de informes crediticios\/cobradores de deudas, cuando lo permita la ley y si necesitamos verificar su solvencia (por ejemplo, si elige hacer un pedido con factura) o cobrar facturas pendientes; y Autoridades y organismos p\u00fablicos pertinentes, si as\u00ed lo requiere la ley o un inter\u00e9s comercial leg\u00edtimo.<\/p>\n\n<h2 class=\"wp-block-heading\">Seguridad y retenci\u00f3n de datos<\/h2>\n\n<p>Utilizamos una variedad de medidas para mantener sus Datos personales confidenciales y seguros, incluida la restricci\u00f3n del acceso a sus Datos personales seg\u00fan sea necesario y siguiendo los est\u00e1ndares de seguridad adecuados para proteger sus datos.<\/p>\n\n<p>Tomamos todas las medidas razonables para garantizar que sus Datos personales solo se procesen durante el per\u00edodo m\u00ednimo necesario en relaci\u00f3n con: (i) los fines establecidos en este Aviso de privacidad; (ii) cualquier prop\u00f3sito adicional que se le notifique en el momento de la recopilaci\u00f3n de los Datos personales relevantes o antes del comienzo del procesamiento correspondiente; o (iii) seg\u00fan lo requiera o permita la ley aplicable; y posteriormente, por la duraci\u00f3n de cualquier per\u00edodo de limitaci\u00f3n aplicable. En resumen, una vez que sus Datos personales ya no sean necesarios, los destruiremos o eliminaremos de manera segura.<\/p>\n\n<h2 class=\"wp-block-heading\">Cont\u00e1ctenos<\/h2>\n\n<p>boqi act\u00faa como &quot;controlador&quot; de sus Datos personales que se procesan en virtud de este Aviso de privacidad o en relaci\u00f3n con este. Si tiene alguna pregunta o comentario con respecto a este Aviso de privacidad o las pr\u00e1cticas de recopilaci\u00f3n y procesamiento de datos personales de boqi, comun\u00edquese con nosotros o env\u00edenos un correo electr\u00f3nico a info@boqiled.com o env\u00edenos un correo a:<\/p>\n\n<p>Shangshuijing 6 Industrial Park,<br \/>Distrito de Longgang, ciudad de Shenzhen,<br \/>Provincia de Guangdong<br \/>Porcelana.<\/p>\n\t\t\t\t\t\t\t\t<\/div>\n\t\t\t\t\t<\/div>\n\t\t<\/div>\n\t\t\t\t\t<\/div>\n\t\t<\/section>\n\t\t\t\t<\/div>","protected":false},"excerpt":{"rendered":"<p>Privacy matters. We know that data privacy is a top issue today, and we want you to enjoy your interaction with us whilst knowing that we value your Personal Data and that we protect it. Here you will find an overview of how we process your Personal Data, the purposes for which we process it, [&hellip;]<\/p>","protected":false},"author":1,"featured_media":0,"parent":0,"menu_order":0,"comment_status":"closed","ping_status":"open","template":"","meta":{"_seopress_robots_primary_cat":"","_seopress_titles_title":"","_seopress_titles_desc":"Privacy Policy, Who we are, Our website address is: http:\/\/boqiled.com. And let you know what personal data we collect and why we collect it","_seopress_robots_index":"","footnotes":""},"class_list":["post-3","page","type-page","status-publish"],"_links":{"self":[{"href":"https:\/\/boqiled.com\/es\/wp-json\/wp\/v2\/pages\/3","targetHints":{"allow":["GET"]}}],"collection":[{"href":"https:\/\/boqiled.com\/es\/wp-json\/wp\/v2\/pages"}],"about":[{"href":"https:\/\/boqiled.com\/es\/wp-json\/wp\/v2\/types\/page"}],"author":[{"embeddable":true,"href":"https:\/\/boqiled.com\/es\/wp-json\/wp\/v2\/users\/1"}],"replies":[{"embeddable":true,"href":"https:\/\/boqiled.com\/es\/wp-json\/wp\/v2\/comments?post=3"}],"version-history":[{"count":0,"href":"https:\/\/boqiled.com\/es\/wp-json\/wp\/v2\/pages\/3\/revisions"}],"wp:attachment":[{"href":"https:\/\/boqiled.com\/es\/wp-json\/wp\/v2\/media?parent=3"}],"curies":[{"name":"wp","href":"https:\/\/api.w.org\/{rel}","templated":true}]}}