{"id":11064,"date":"2023-09-05T14:23:55","date_gmt":"2023-09-05T06:23:55","guid":{"rendered":"https:\/\/boqiled.com\/?page_id=11064"},"modified":"2025-10-18T13:09:09","modified_gmt":"2025-10-18T05:09:09","slug":"certificats","status":"publish","type":"page","link":"https:\/\/boqiled.com\/fr\/certificats\/","title":{"rendered":"Certificats"},"content":{"rendered":"<div data-elementor-type=\"wp-page\" data-elementor-id=\"11064\" class=\"elementor elementor-11064\" data-elementor-post-type=\"page\">\n\t\t\t\t\t\t<section class=\"elementor-section elementor-top-section elementor-element elementor-element-12320ca elementor-section-boxed elementor-section-height-default elementor-section-height-default\" data-id=\"12320ca\" data-element_type=\"section\" data-settings=\"{&quot;background_background&quot;:&quot;classic&quot;}\">\n\t\t\t\t\t\t\t<div class=\"elementor-background-overlay\"><\/div>\n\t\t\t\t\t\t\t<div class=\"elementor-container elementor-column-gap-default\">\n\t\t\t\t\t<div class=\"elementor-column elementor-col-100 elementor-top-column elementor-element elementor-element-188e4cf\" data-id=\"188e4cf\" data-element_type=\"column\">\n\t\t\t<div class=\"elementor-widget-wrap elementor-element-populated\">\n\t\t\t\t\t\t<div class=\"elementor-element elementor-element-a1e203a elementor-widget elementor-widget-heading\" data-id=\"a1e203a\" data-element_type=\"widget\" data-widget_type=\"heading.default\">\n\t\t\t\t\t<h1 class=\"elementor-heading-title elementor-size-default\">Certificats<\/h1>\t\t\t\t<\/div>\n\t\t\t\t<div class=\"elementor-element elementor-element-83192f5 elementor-widget elementor-widget-text-editor\" data-id=\"83192f5\" data-element_type=\"widget\" data-widget_type=\"text-editor.default\">\n\t\t\t\t\t\t\t\t\t<p style=\"text-align: center;\">Nous nous effor\u00e7ons toujours de fournir \u00e0 nos clients la meilleure exp\u00e9rience possible lorsqu'ils travaillent avec nous. En plus de notre excellent service \u00e0 la client\u00e8le, nous voulons que nos clients aient la certitude que leurs pilotes de LED \u00e0 gradation DALI sont s\u00fbrs et de la plus haute qualit\u00e9. Pour garantir les meilleures performances, tous nos pilotes de LED ont obtenu les certificats CE, CB, SAA et RoHS.<\/p>\t\t\t\t\t\t\t\t<\/div>\n\t\t\t\t\t<\/div>\n\t\t<\/div>\n\t\t\t\t\t<\/div>\n\t\t<\/section>\n\t\t\t\t<section class=\"elementor-section elementor-top-section elementor-element elementor-element-a5e8545 elementor-section-boxed elementor-section-height-default elementor-section-height-default\" data-id=\"a5e8545\" data-element_type=\"section\" data-settings=\"{&quot;background_background&quot;:&quot;classic&quot;}\">\n\t\t\t\t\t\t<div class=\"elementor-container elementor-column-gap-default\">\n\t\t\t\t\t<div class=\"elementor-column elementor-col-100 elementor-top-column elementor-element elementor-element-80eda60\" data-id=\"80eda60\" data-element_type=\"column\">\n\t\t\t<div class=\"elementor-widget-wrap elementor-element-populated\">\n\t\t\t\t\t\t<div class=\"elementor-element elementor-element-b5b7727 elementor-widget elementor-widget-heading\" data-id=\"b5b7727\" data-element_type=\"widget\" data-widget_type=\"heading.default\">\n\t\t\t\t\t<h2 class=\"elementor-heading-title elementor-size-default\">Certificat CE<\/h2>\t\t\t\t<\/div>\n\t\t\t\t<div class=\"elementor-element elementor-element-84d77de pp-table-center elementor-widget elementor-widget-pp-table\" data-id=\"84d77de\" data-element_type=\"widget\" data-settings=\"{&quot;table_type&quot;:&quot;responsive&quot;,&quot;scrollable&quot;:&quot;no&quot;}\" data-widget_type=\"pp-table.default\">\n\t\t\t\t\t\t\t<div class=\"pp-table-container\">\n\t\t\t<table \n\t\t\tclass=\"pp-table tablesaw\" data-tablesaw-mode=\"stack\"\t\t\t\t>\n\t\t\t\t\t\t\t<colgroup>\n\t\t\t\t\t\t\t\t<col\n\t\t\t\t\tspan=\"1\"\n\t\t\t\t\tclass=\"elementor-repeater-item-09b8bb3\"\n\t\t\t\t\t\t\t\t\t\t\tstyle=\"\t\t\t\t\t\t\t\t\t\t\t\t\t\t\t\t\t\t\t\t\"\n\t\t\t\t\t\t\t\t\t\t>\n\t\t\t\t\t\t\t<\/colgroup>\n\t\t\t\t\t\t<thead>\n\t\t\t\t<tr class=\"pp-table-row\">\n\t\t\t\t\t<th class=\"pp-table-cell pp-table-cell-5e28e0a\"><span class=\"pp-table-cell-content\"><span class=\"pp-table-cell-text\">Certificate Name<\/span><\/span><\/th><th class=\"pp-table-cell pp-table-cell-82b6a7b\"><span class=\"pp-table-cell-content\"><span class=\"pp-table-cell-text\">Download<\/span><\/span><\/th>\t\t\t\t<\/tr>\n\t\t\t<\/thead>\n\t\t\t\t\t<tfoot>\n\t\t\t<\/tr>\t\t<\/tfoot>\n\t\t\t\t<tbody>\n\t\t\t<tr ><td class=\"pp-table-cell pp-table-cell-f7b2453\"><span class=\"pp-table-cell-content\"><span class=\"pp-table-cell-text\">Certificat TUV CE-EMC<\/span><\/span><\/td><td class=\"pp-table-cell pp-table-cell-1b9a100\">\t\t\t\t\t\t\t<a href=\"https:\/\/boqiled.com\/wp-content\/uploads\/2023\/09\/boqi-DIM-XNPC-60419842-001-EMC-cert.pdf\" target=\"_blank\">\n\t\t\t\t\t\t\t<span class=\"pp-table-cell-content\"><span class=\"pp-table-cell-icon pp-table-cell-icon-before pp-icon\"><i aria-hidden=\"true\" class=\"fas fa-file-pdf\"><\/i><\/span><span class=\"pp-table-cell-text\"><\/span><\/span>\t\t\t\t\t\t\t<\/a>\n\t\t\t\t\t\t\t<\/td><\/tr><tr ><td class=\"pp-table-cell pp-table-cell-4c7400f\"><span class=\"pp-table-cell-content\"><span class=\"pp-table-cell-text\">Certificat TUV CE-LVD<\/span><\/span><\/td><td class=\"pp-table-cell pp-table-cell-0c878c5\">\t\t\t\t\t\t\t<a href=\"https:\/\/boqiled.com\/wp-content\/uploads\/2023\/09\/boqi-DIM-XNPC-60433447-001-LVD-cert.pdf\" target=\"_blank\">\n\t\t\t\t\t\t\t<span class=\"pp-table-cell-content\"><span class=\"pp-table-cell-icon pp-table-cell-icon-before pp-icon\"><i aria-hidden=\"true\" class=\"fas fa-file-pdf\"><\/i><\/span><span class=\"pp-table-cell-text\"><\/span><\/span>\t\t\t\t\t\t\t<\/a>\n\t\t\t\t\t\t\t<\/td><\/tr><tr ><td class=\"pp-table-cell pp-table-cell-8359ff7\"><span class=\"pp-table-cell-content\"><span class=\"pp-table-cell-text\">Certificat CE-EMC<\/span><\/span><\/td><td class=\"pp-table-cell pp-table-cell-e2f9424\">\t\t\t\t\t\t\t<a href=\"https:\/\/boqiled.com\/wp-content\/uploads\/2023\/09\/boqi-DIM-\u8c03\u5149\u5668Dimmer-CE-EMC-LCS210414070BE.pdf\" target=\"_blank\">\n\t\t\t\t\t\t\t<span class=\"pp-table-cell-content\"><span class=\"pp-table-cell-icon pp-table-cell-icon-before pp-icon\"><i aria-hidden=\"true\" class=\"fas fa-file-pdf\"><\/i><\/span><span class=\"pp-table-cell-text\"><\/span><\/span>\t\t\t\t\t\t\t<\/a>\n\t\t\t\t\t\t\t<\/td><\/tr><tr ><td class=\"pp-table-cell pp-table-cell-6be58bc\"><span class=\"pp-table-cell-content\"><span class=\"pp-table-cell-text\">Certificat CE-LVD<\/span><\/span><\/td><td class=\"pp-table-cell pp-table-cell-35926f8\">\t\t\t\t\t\t\t<a href=\"https:\/\/boqiled.com\/wp-content\/uploads\/2023\/09\/boqi-DIM-\u8c03\u5149\u5668Dimmer-CE-LVD-LCS210414089AS.pdf\">\n\t\t\t\t\t\t\t<span class=\"pp-table-cell-content\"><span class=\"pp-table-cell-icon pp-table-cell-icon-before pp-icon\"><i aria-hidden=\"true\" class=\"fas fa-file-pdf\"><\/i><\/span><span class=\"pp-table-cell-text\"><\/span><\/span>\t\t\t\t\t\t\t<\/a>\n\t\t\t\t\t\t\t<\/td><\/tr><tr ><td class=\"pp-table-cell pp-table-cell-f7e1350\"><span class=\"pp-table-cell-content\"><span class=\"pp-table-cell-text\">Certificat CE-EMC<\/span><\/span><\/td><td class=\"pp-table-cell pp-table-cell-d176cad\">\t\t\t\t\t\t\t<a href=\"https:\/\/boqiled.com\/wp-content\/uploads\/2023\/09\/boqi-XNPV-CE-EMC-WTX22F07134573E-Certificate.pdf\">\n\t\t\t\t\t\t\t<span class=\"pp-table-cell-content\"><span class=\"pp-table-cell-icon pp-table-cell-icon-before pp-icon\"><i aria-hidden=\"true\" class=\"fas fa-file-pdf\"><\/i><\/span><span class=\"pp-table-cell-text\"><\/span><\/span>\t\t\t\t\t\t\t<\/a>\n\t\t\t\t\t\t\t<\/td><\/tr><tr ><td class=\"pp-table-cell pp-table-cell-63f7f6d\"><span class=\"pp-table-cell-content\"><span class=\"pp-table-cell-text\">Certificat CE-LVD<\/span><\/span><\/td><td class=\"pp-table-cell pp-table-cell-3e221df\">\t\t\t\t\t\t\t<a href=\"https:\/\/boqiled.com\/wp-content\/uploads\/2023\/09\/boqi-XNPV-CE-LVD-WTX22F07134580L-Certificate.pdf\">\n\t\t\t\t\t\t\t<span class=\"pp-table-cell-content\"><span class=\"pp-table-cell-icon pp-table-cell-icon-before pp-icon\"><i aria-hidden=\"true\" class=\"fas fa-file-pdf\"><\/i><\/span><span class=\"pp-table-cell-text\"><\/span><\/span>\t\t\t\t\t\t\t<\/a>\n\t\t\t\t\t\t\t<\/td><\/tr><tr ><td class=\"pp-table-cell pp-table-cell-abb1b79\"><span class=\"pp-table-cell-content\"><span class=\"pp-table-cell-text\">Certificat CE-EMC<\/span><\/span><\/td><td class=\"pp-table-cell pp-table-cell-a156007\">\t\t\t\t\t\t\t<a href=\"https:\/\/boqiled.com\/wp-content\/uploads\/2023\/09\/boqi-BQ-LPV-CE-EMC-LCSA020623093E-Certificate.pdf\">\n\t\t\t\t\t\t\t<span class=\"pp-table-cell-content\"><span class=\"pp-table-cell-icon pp-table-cell-icon-before pp-icon\"><i aria-hidden=\"true\" class=\"fas fa-file-pdf\"><\/i><\/span><span class=\"pp-table-cell-text\"><\/span><\/span>\t\t\t\t\t\t\t<\/a>\n\t\t\t\t\t\t\t<\/td><\/tr><tr ><td class=\"pp-table-cell pp-table-cell-8c04e95\"><span class=\"pp-table-cell-content\"><span class=\"pp-table-cell-text\">Certificat CE-LVD<\/span><\/span><\/td><td class=\"pp-table-cell pp-table-cell-82f254b\">\t\t\t\t\t\t\t<a href=\"https:\/\/boqiled.com\/wp-content\/uploads\/2023\/09\/boqi-BQ-LPV-CE-LVD-LCSA020623092S-Certificate.pdf\">\n\t\t\t\t\t\t\t<span class=\"pp-table-cell-content\"><span class=\"pp-table-cell-icon pp-table-cell-icon-before pp-icon\"><i aria-hidden=\"true\" class=\"fas fa-file-pdf\"><\/i><\/span><span class=\"pp-table-cell-text\"><\/span><\/span>\t\t\t\t\t\t\t<\/a>\n\t\t\t\t\t\t\t<\/td><\/tr>\t\t<\/tbody>\n\t\t\t\t\t<\/table>\n\t\t<\/div>\n\t\t\t\t\t\t<\/div>\n\t\t\t\t\t<\/div>\n\t\t<\/div>\n\t\t\t\t\t<\/div>\n\t\t<\/section>\n\t\t\t\t<section class=\"elementor-section elementor-top-section elementor-element elementor-element-d033d03 elementor-section-boxed elementor-section-height-default elementor-section-height-default\" data-id=\"d033d03\" data-element_type=\"section\" data-settings=\"{&quot;background_background&quot;:&quot;classic&quot;}\">\n\t\t\t\t\t\t<div class=\"elementor-container elementor-column-gap-default\">\n\t\t\t\t\t<div class=\"elementor-column elementor-col-100 elementor-top-column elementor-element elementor-element-a8ebf4c\" data-id=\"a8ebf4c\" data-element_type=\"column\">\n\t\t\t<div class=\"elementor-widget-wrap elementor-element-populated\">\n\t\t\t\t\t\t<div class=\"elementor-element elementor-element-73dc201 elementor-widget elementor-widget-heading\" data-id=\"73dc201\" data-element_type=\"widget\" data-widget_type=\"heading.default\">\n\t\t\t\t\t<h2 class=\"elementor-heading-title elementor-size-default\">Certificat CB<\/h2>\t\t\t\t<\/div>\n\t\t\t\t<div class=\"elementor-element elementor-element-3fe21f9 pp-table-center elementor-widget elementor-widget-pp-table\" data-id=\"3fe21f9\" data-element_type=\"widget\" data-settings=\"{&quot;table_type&quot;:&quot;responsive&quot;,&quot;scrollable&quot;:&quot;no&quot;}\" data-widget_type=\"pp-table.default\">\n\t\t\t\t\t\t\t<div class=\"pp-table-container\">\n\t\t\t<table \n\t\t\tclass=\"pp-table tablesaw\" data-tablesaw-mode=\"stack\"\t\t\t\t>\n\t\t\t\t\t\t\t<colgroup>\n\t\t\t\t\t\t\t\t<col\n\t\t\t\t\tspan=\"1\"\n\t\t\t\t\tclass=\"elementor-repeater-item-4a6ed70\"\n\t\t\t\t\t\t\t\t\t\t\tstyle=\"\t\t\t\t\t\t\t\t\t\t\t\t\t\t\t\t\t\t\t\t\"\n\t\t\t\t\t\t\t\t\t\t>\n\t\t\t\t\t\t\t<\/colgroup>\n\t\t\t\t\t\t<thead>\n\t\t\t\t<tr class=\"pp-table-row\">\n\t\t\t\t\t<th class=\"pp-table-cell pp-table-cell-b773c92\"><span class=\"pp-table-cell-content\"><span class=\"pp-table-cell-text\">Certificate Name<\/span><\/span><\/th><th class=\"pp-table-cell pp-table-cell-dcecdca\"><span class=\"pp-table-cell-content\"><span class=\"pp-table-cell-text\">Download<\/span><\/span><\/th>\t\t\t\t<\/tr>\n\t\t\t<\/thead>\n\t\t\t\t\t<tfoot>\n\t\t\t<\/tr>\t\t<\/tfoot>\n\t\t\t\t<tbody>\n\t\t\t<tr ><td class=\"pp-table-cell pp-table-cell-0017deb\"><span class=\"pp-table-cell-content\"><span class=\"pp-table-cell-text\">Certificat CB<\/span><\/span><\/td><td class=\"pp-table-cell pp-table-cell-ab436b9\">\t\t\t\t\t\t\t<a href=\"https:\/\/boqiled.com\/wp-content\/uploads\/2023\/09\/boqi-DIM-XNPC-60433448-001-CB-cert.jpg\">\n\t\t\t\t\t\t\t<span class=\"pp-table-cell-content\"><span class=\"pp-table-cell-icon pp-table-cell-icon-before pp-icon\"><i aria-hidden=\"true\" class=\"fas fa-file-pdf\"><\/i><\/span><span class=\"pp-table-cell-text\"><\/span><\/span>\t\t\t\t\t\t\t<\/a>\n\t\t\t\t\t\t\t<\/td><\/tr>\t\t<\/tbody>\n\t\t\t\t\t<\/table>\n\t\t<\/div>\n\t\t\t\t\t\t<\/div>\n\t\t\t\t\t<\/div>\n\t\t<\/div>\n\t\t\t\t\t<\/div>\n\t\t<\/section>\n\t\t\t\t<section class=\"elementor-section elementor-top-section elementor-element elementor-element-9cd4ff5 elementor-section-boxed elementor-section-height-default elementor-section-height-default\" data-id=\"9cd4ff5\" data-element_type=\"section\" data-settings=\"{&quot;background_background&quot;:&quot;classic&quot;}\">\n\t\t\t\t\t\t<div class=\"elementor-container elementor-column-gap-default\">\n\t\t\t\t\t<div class=\"elementor-column elementor-col-100 elementor-top-column elementor-element elementor-element-40780ed\" data-id=\"40780ed\" data-element_type=\"column\">\n\t\t\t<div class=\"elementor-widget-wrap elementor-element-populated\">\n\t\t\t\t\t\t<div class=\"elementor-element elementor-element-02184fb elementor-widget elementor-widget-heading\" data-id=\"02184fb\" data-element_type=\"widget\" data-widget_type=\"heading.default\">\n\t\t\t\t\t<h2 class=\"elementor-heading-title elementor-size-default\">Certificat ASA<\/h2>\t\t\t\t<\/div>\n\t\t\t\t<div class=\"elementor-element elementor-element-b016ca7 pp-table-center elementor-widget elementor-widget-pp-table\" data-id=\"b016ca7\" data-element_type=\"widget\" data-settings=\"{&quot;table_type&quot;:&quot;responsive&quot;,&quot;scrollable&quot;:&quot;no&quot;}\" data-widget_type=\"pp-table.default\">\n\t\t\t\t\t\t\t<div class=\"pp-table-container\">\n\t\t\t<table \n\t\t\tclass=\"pp-table tablesaw\" data-tablesaw-mode=\"stack\"\t\t\t\t>\n\t\t\t\t\t\t\t<colgroup>\n\t\t\t\t\t\t\t\t<col\n\t\t\t\t\tspan=\"1\"\n\t\t\t\t\tclass=\"elementor-repeater-item-de16c2e\"\n\t\t\t\t\t\t\t\t\t\t\tstyle=\"\t\t\t\t\t\t\t\t\t\t\t\t\t\t\t\t\t\t\t\t\"\n\t\t\t\t\t\t\t\t\t\t>\n\t\t\t\t\t\t\t<\/colgroup>\n\t\t\t\t\t\t<thead>\n\t\t\t\t<tr class=\"pp-table-row\">\n\t\t\t\t\t<th class=\"pp-table-cell pp-table-cell-07e01c1\"><span class=\"pp-table-cell-content\"><span class=\"pp-table-cell-text\">Certificate Name<\/span><\/span><\/th><th class=\"pp-table-cell pp-table-cell-8a17ea7\"><span class=\"pp-table-cell-content\"><span class=\"pp-table-cell-text\">Download<\/span><\/span><\/th>\t\t\t\t<\/tr>\n\t\t\t<\/thead>\n\t\t\t\t\t<tfoot>\n\t\t\t<\/tr>\t\t<\/tfoot>\n\t\t\t\t<tbody>\n\t\t\t<tr ><td class=\"pp-table-cell pp-table-cell-7b41347\"><span class=\"pp-table-cell-content\"><span class=\"pp-table-cell-text\">Certificat ASA<\/span><\/span><\/td><td class=\"pp-table-cell pp-table-cell-fb591a4\">\t\t\t\t\t\t\t<a href=\"https:\/\/boqiled.com\/wp-content\/uploads\/2023\/09\/boqi-DIM-XNPC-SAA-Certificate-203484.pdf\">\n\t\t\t\t\t\t\t<span class=\"pp-table-cell-content\"><span class=\"pp-table-cell-icon pp-table-cell-icon-before pp-icon\"><i aria-hidden=\"true\" class=\"fas fa-file-pdf\"><\/i><\/span><span class=\"pp-table-cell-text\"><\/span><\/span>\t\t\t\t\t\t\t<\/a>\n\t\t\t\t\t\t\t<\/td><\/tr><tr ><td class=\"pp-table-cell pp-table-cell-a8851b7\"><span class=\"pp-table-cell-content\"><span class=\"pp-table-cell-text\">Certificat ASA<\/span><\/span><\/td><td class=\"pp-table-cell pp-table-cell-684dd05\">\t\t\t\t\t\t\t<a href=\"https:\/\/boqiled.com\/wp-content\/uploads\/2023\/09\/boqi-DIM-XNPC-SAA-Addendum-1-203484.pdf\">\n\t\t\t\t\t\t\t<span class=\"pp-table-cell-content\"><span class=\"pp-table-cell-icon pp-table-cell-icon-before pp-icon\"><i aria-hidden=\"true\" class=\"fas fa-file-pdf\"><\/i><\/span><span class=\"pp-table-cell-text\"><\/span><\/span>\t\t\t\t\t\t\t<\/a>\n\t\t\t\t\t\t\t<\/td><\/tr><tr ><td class=\"pp-table-cell pp-table-cell-f2d5ce1\"><span class=\"pp-table-cell-content\"><span class=\"pp-table-cell-text\">Certificat ASA<\/span><\/span><\/td><td class=\"pp-table-cell pp-table-cell-d5074b6\">\t\t\t\t\t\t\t<a href=\"https:\/\/boqiled.com\/wp-content\/uploads\/2023\/09\/boqi-DIM-XNPC-SAA-Addendum-2-203484.pdf\">\n\t\t\t\t\t\t\t<span class=\"pp-table-cell-content\"><span class=\"pp-table-cell-icon pp-table-cell-icon-before pp-icon\"><i aria-hidden=\"true\" class=\"fas fa-file-pdf\"><\/i><\/span><span class=\"pp-table-cell-text\"><\/span><\/span>\t\t\t\t\t\t\t<\/a>\n\t\t\t\t\t\t\t<\/td><\/tr><tr ><td class=\"pp-table-cell pp-table-cell-8da598f\"><span class=\"pp-table-cell-content\"><span class=\"pp-table-cell-text\">Certificat ASA<\/span><\/span><\/td><td class=\"pp-table-cell pp-table-cell-c1ce3cd\">\t\t\t\t\t\t\t<a href=\"https:\/\/boqiled.com\/wp-content\/uploads\/2023\/09\/boqi-DIM-XNPC-SAA-Addendum-3-203484.pdf\">\n\t\t\t\t\t\t\t<span class=\"pp-table-cell-content\"><span class=\"pp-table-cell-icon pp-table-cell-icon-before pp-icon\"><i aria-hidden=\"true\" class=\"fas fa-file-pdf\"><\/i><\/span><span class=\"pp-table-cell-text\"><\/span><\/span>\t\t\t\t\t\t\t<\/a>\n\t\t\t\t\t\t\t<\/td><\/tr><tr ><td class=\"pp-table-cell pp-table-cell-f864ad9\"><span class=\"pp-table-cell-content\"><span class=\"pp-table-cell-text\">Certificat ASA<\/span><\/span><\/td><td class=\"pp-table-cell pp-table-cell-9d7f2e5\">\t\t\t\t\t\t\t<a href=\"https:\/\/boqiled.com\/wp-content\/uploads\/2025\/10\/SAA-Certificate-241277.pdf\">\n\t\t\t\t\t\t\t<span class=\"pp-table-cell-content\"><span class=\"pp-table-cell-icon pp-table-cell-icon-before pp-icon\"><i aria-hidden=\"true\" class=\"fas fa-file-pdf\"><\/i><\/span><span class=\"pp-table-cell-text\"><\/span><\/span>\t\t\t\t\t\t\t<\/a>\n\t\t\t\t\t\t\t<\/td><\/tr>\t\t<\/tbody>\n\t\t\t\t\t<\/table>\n\t\t<\/div>\n\t\t\t\t\t\t<\/div>\n\t\t\t\t\t<\/div>\n\t\t<\/div>\n\t\t\t\t\t<\/div>\n\t\t<\/section>\n\t\t\t\t<section class=\"elementor-section elementor-top-section elementor-element elementor-element-e5b4b2e elementor-section-boxed elementor-section-height-default elementor-section-height-default\" data-id=\"e5b4b2e\" data-element_type=\"section\" data-settings=\"{&quot;background_background&quot;:&quot;classic&quot;}\">\n\t\t\t\t\t\t<div class=\"elementor-container elementor-column-gap-default\">\n\t\t\t\t\t<div class=\"elementor-column elementor-col-100 elementor-top-column elementor-element elementor-element-e5a1e42\" data-id=\"e5a1e42\" data-element_type=\"column\">\n\t\t\t<div class=\"elementor-widget-wrap elementor-element-populated\">\n\t\t\t\t\t\t<div class=\"elementor-element elementor-element-3cf7747 elementor-widget elementor-widget-heading\" data-id=\"3cf7747\" data-element_type=\"widget\" data-widget_type=\"heading.default\">\n\t\t\t\t\t<h2 class=\"elementor-heading-title elementor-size-default\">Rapport RoHS<\/h2>\t\t\t\t<\/div>\n\t\t\t\t<div class=\"elementor-element elementor-element-dc356b0 pp-table-center elementor-widget elementor-widget-pp-table\" data-id=\"dc356b0\" data-element_type=\"widget\" data-settings=\"{&quot;table_type&quot;:&quot;responsive&quot;,&quot;scrollable&quot;:&quot;no&quot;}\" data-widget_type=\"pp-table.default\">\n\t\t\t\t\t\t\t<div class=\"pp-table-container\">\n\t\t\t<table \n\t\t\tclass=\"pp-table tablesaw\" data-tablesaw-mode=\"stack\"\t\t\t\t>\n\t\t\t\t\t\t\t<colgroup>\n\t\t\t\t\t\t\t\t<col\n\t\t\t\t\tspan=\"1\"\n\t\t\t\t\tclass=\"elementor-repeater-item-4a6ed70\"\n\t\t\t\t\t\t\t\t\t\t\tstyle=\"\t\t\t\t\t\t\t\t\t\t\t\t\t\t\t\t\t\t\t\t\"\n\t\t\t\t\t\t\t\t\t\t>\n\t\t\t\t\t\t\t<\/colgroup>\n\t\t\t\t\t\t<thead>\n\t\t\t\t<tr class=\"pp-table-row\">\n\t\t\t\t\t<th class=\"pp-table-cell pp-table-cell-b773c92\"><span class=\"pp-table-cell-content\"><span class=\"pp-table-cell-text\">Certificate Name<\/span><\/span><\/th><th class=\"pp-table-cell pp-table-cell-dcecdca\"><span class=\"pp-table-cell-content\"><span class=\"pp-table-cell-text\">Download<\/span><\/span><\/th>\t\t\t\t<\/tr>\n\t\t\t<\/thead>\n\t\t\t\t\t<tfoot>\n\t\t\t<\/tr>\t\t<\/tfoot>\n\t\t\t\t<tbody>\n\t\t\t<tr ><td class=\"pp-table-cell pp-table-cell-4d8b3db\"><span class=\"pp-table-cell-content\"><span class=\"pp-table-cell-text\">Variateurs LED Certificat RoHS<\/span><\/span><\/td><td class=\"pp-table-cell pp-table-cell-85c12d7\">\t\t\t\t\t\t\t<a href=\"https:\/\/boqiled.com\/wp-content\/uploads\/2023\/09\/boqi-DIM-\u8c03\u5149\u5668Dimmer-ROHS-2.0-LCS210414088AR.pdf\">\n\t\t\t\t\t\t\t<span class=\"pp-table-cell-content\"><span class=\"pp-table-cell-icon pp-table-cell-icon-before pp-icon\"><i aria-hidden=\"true\" class=\"fas fa-file-pdf\"><\/i><\/span><span class=\"pp-table-cell-text\"><\/span><\/span>\t\t\t\t\t\t\t<\/a>\n\t\t\t\t\t\t\t<\/td><\/tr><tr ><td class=\"pp-table-cell pp-table-cell-0017deb\"><span class=\"pp-table-cell-content\"><span class=\"pp-table-cell-text\">LED Driver RoHS certificate<\/span><\/span><\/td><td class=\"pp-table-cell pp-table-cell-ab436b9\">\t\t\t\t\t\t\t<a href=\"https:\/\/boqiled.com\/wp-content\/uploads\/2023\/09\/boqi-\u8c03\u5149\u7535\u6e90-Dimmable-LED-Driver-ROHS-2.0-LCS210414087AR.pdf\">\n\t\t\t\t\t\t\t<span class=\"pp-table-cell-content\"><span class=\"pp-table-cell-icon pp-table-cell-icon-before pp-icon\"><i aria-hidden=\"true\" class=\"fas fa-file-pdf\"><\/i><\/span><span class=\"pp-table-cell-text\"><\/span><\/span>\t\t\t\t\t\t\t<\/a>\n\t\t\t\t\t\t\t<\/td><\/tr>\t\t<\/tbody>\n\t\t\t\t\t<\/table>\n\t\t<\/div>\n\t\t\t\t\t\t<\/div>\n\t\t\t\t\t<\/div>\n\t\t<\/div>\n\t\t\t\t\t<\/div>\n\t\t<\/section>\n\t\t\t\t<\/div>","protected":false},"excerpt":{"rendered":"<p>Certificates We always strive to provide our customers with the best possible customer experience when working with us. In addition to our excellent customer service, we want our customers to be confident that their DALI dimmable LED Drivers are safe and of the highest quality. To ensure the best performance, all our LED Drivers have [&hellip;]<\/p>","protected":false},"author":1,"featured_media":0,"parent":0,"menu_order":0,"comment_status":"closed","ping_status":"closed","template":"","meta":{"_seopress_robots_primary_cat":"","_seopress_titles_title":"","_seopress_titles_desc":"","_seopress_robots_index":"","footnotes":""},"class_list":["post-11064","page","type-page","status-publish"],"_links":{"self":[{"href":"https:\/\/boqiled.com\/fr\/wp-json\/wp\/v2\/pages\/11064","targetHints":{"allow":["GET"]}}],"collection":[{"href":"https:\/\/boqiled.com\/fr\/wp-json\/wp\/v2\/pages"}],"about":[{"href":"https:\/\/boqiled.com\/fr\/wp-json\/wp\/v2\/types\/page"}],"author":[{"embeddable":true,"href":"https:\/\/boqiled.com\/fr\/wp-json\/wp\/v2\/users\/1"}],"replies":[{"embeddable":true,"href":"https:\/\/boqiled.com\/fr\/wp-json\/wp\/v2\/comments?post=11064"}],"version-history":[{"count":0,"href":"https:\/\/boqiled.com\/fr\/wp-json\/wp\/v2\/pages\/11064\/revisions"}],"wp:attachment":[{"href":"https:\/\/boqiled.com\/fr\/wp-json\/wp\/v2\/media?parent=11064"}],"curies":[{"name":"wp","href":"https:\/\/api.w.org\/{rel}","templated":true}]}}