{"id":3,"date":"2021-01-08T09:44:53","date_gmt":"2021-01-08T09:44:53","guid":{"rendered":"http:\/\/boqiled.com\/?page_id=3"},"modified":"2025-11-04T15:26:29","modified_gmt":"2025-11-04T07:26:29","slug":"politique-de-confidentialite","status":"publish","type":"page","link":"https:\/\/boqiled.com\/fr\/politique-de-confidentialite\/","title":{"rendered":"Privacy Policy"},"content":{"rendered":"<div data-elementor-type=\"wp-page\" data-elementor-id=\"3\" class=\"elementor elementor-3\" data-elementor-post-type=\"page\">\n\t\t\t\t\t\t<section class=\"elementor-section elementor-top-section elementor-element elementor-element-46bd519d elementor-section-boxed elementor-section-height-default elementor-section-height-default\" data-id=\"46bd519d\" data-element_type=\"section\">\n\t\t\t\t\t\t<div class=\"elementor-container elementor-column-gap-default\">\n\t\t\t\t\t<div class=\"elementor-column elementor-col-100 elementor-top-column elementor-element elementor-element-7879a18e\" data-id=\"7879a18e\" data-element_type=\"column\">\n\t\t\t<div class=\"elementor-widget-wrap elementor-element-populated\">\n\t\t\t\t\t\t<div class=\"elementor-element elementor-element-14273c2b elementor-widget elementor-widget-text-editor\" data-id=\"14273c2b\" data-element_type=\"widget\" data-widget_type=\"text-editor.default\">\n\t\t\t\t\t\t\t\t\t\n<h2 class=\"wp-block-heading\">La confidentialit\u00e9 est importante.<\/h2>\n\n<p>Nous savons que la confidentialit\u00e9 des donn\u00e9es est un probl\u00e8me majeur aujourd&#039;hui, et nous voulons que vous appr\u00e9ciiez votre interaction avec nous tout en sachant que nous appr\u00e9cions vos donn\u00e9es personnelles et que nous les prot\u00e9geons.<\/p>\n\n<p>Vous trouverez ici un aper\u00e7u de la mani\u00e8re dont nous traitons vos donn\u00e9es personnelles, des finalit\u00e9s pour lesquelles nous les traitons et de la mani\u00e8re dont vous en b\u00e9n\u00e9ficiez. Vous verrez \u00e9galement quels sont vos droits et comment vous pouvez nous contacter.<\/p>\n\n<h2 class=\"wp-block-heading\">Mises \u00e0 jour de cet avis de confidentialit\u00e9<\/h2>\n\n<p>\u00c0 mesure que les affaires et la technologie \u00e9voluent, nous devrons peut-\u00eatre modifier cet avis de confidentialit\u00e9. Nous vous encourageons \u00e0 consulter r\u00e9guli\u00e8rement cet avis de confidentialit\u00e9 pour vous assurer que vous \u00eates au courant de la mani\u00e8re dont boqi utilise vos donn\u00e9es personnelles.<\/p>\n\n<h3 class=\"wp-block-heading\">Moins de 13 ans ?<\/h3>\n\n<p>Si vous avez moins de 13 ans, nous vous prions d&#039;attendre d&#039;\u00eatre un peu plus \u00e2g\u00e9 pour interagir avec nous ou demandez \u00e0 un parent ou tuteur de nous contacter\u00a0! Nous ne pouvons pas collecter et utiliser vos Donn\u00e9es Personnelles sans leur accord.<\/p>\n\n<h3 class=\"wp-block-heading\">Pourquoi traitons-nous vos donn\u00e9es personnelles ?<\/h3>\n\n<p>Nous traitons vos donn\u00e9es personnelles, y compris toutes les donn\u00e9es personnelles sensibles que vous nous avez fournies avec votre consentement, pour communiquer avec vous, ex\u00e9cuter vos bons de commande, r\u00e9pondre \u00e0 vos questions et vous fournir des communications sur boqi et nos produits. Nous traitons \u00e9galement vos donn\u00e9es personnelles afin de nous aider \u00e0 nous conformer \u00e0 la loi, \u00e0 vendre ou \u00e0 transf\u00e9rer toute partie pertinente de notre entreprise, \u00e0 g\u00e9rer nos syst\u00e8mes et nos finances, \u00e0 mener des enqu\u00eates et \u00e0 exercer des droits l\u00e9gaux. Nous combinons vos donn\u00e9es personnelles de toutes les sources afin que nous puissions mieux vous comprendre pour am\u00e9liorer et personnaliser votre exp\u00e9rience lorsque vous interagissez avec nous.<\/p>\n\n<h3 class=\"wp-block-heading\">Qui peut acc\u00e9der \u00e0 vos Donn\u00e9es Personnelles et pourquoi ?<\/h3>\n\n<p>Nous limitons la divulgation de vos donn\u00e9es personnelles \u00e0 d&#039;autres, cependant, nous devons divulguer vos donn\u00e9es personnelles dans certains cas et principalement aux destinataires suivants\u00a0:<\/p>\n\n<p>Les soci\u00e9t\u00e9s du groupe boqi, lorsque cela est n\u00e9cessaire pour nos int\u00e9r\u00eats l\u00e9gitimes ou avec votre consentement\u00a0;<\/p>\n\n<p>Les tiers que nous engageons pour fournir des services tels que l&#039;administration des sites Web, des applications et des services de boqi (par exemple, des fonctionnalit\u00e9s, des programmes et des promotions) \u00e0 votre disposition, sous r\u00e9serve des protections appropri\u00e9es\u00a0;<\/p>\n\n<p>Agences d&#039;\u00e9valuation du cr\u00e9dit\/agents de recouvrement, lorsque la loi l&#039;autorise et si nous avons besoin de v\u00e9rifier votre solvabilit\u00e9 (par exemple, si vous choisissez de commander avec facture) ou de recouvrer des factures impay\u00e9es\u00a0; et Agences et autorit\u00e9s publiques comp\u00e9tentes, si la loi ou un int\u00e9r\u00eat commercial l\u00e9gitime l&#039;exigent.<\/p>\n\n<h2 class=\"wp-block-heading\">S\u00e9curit\u00e9 et conservation des donn\u00e9es<\/h2>\n\n<p>Nous utilisons une vari\u00e9t\u00e9 de mesures pour garder vos donn\u00e9es personnelles confidentielles et s\u00e9curis\u00e9es, y compris la restriction de l&#039;acc\u00e8s \u00e0 vos donn\u00e9es personnelles sur la base du besoin de savoir et le respect des normes de s\u00e9curit\u00e9 appropri\u00e9es pour prot\u00e9ger vos donn\u00e9es.<\/p>\n\n<p>Nous prenons toutes les mesures raisonnables pour nous assurer que vos donn\u00e9es personnelles ne sont trait\u00e9es que pendant la p\u00e9riode minimale n\u00e9cessaire en relation avec : (i) les finalit\u00e9s \u00e9nonc\u00e9es dans la pr\u00e9sente politique de confidentialit\u00e9 ; (ii) toute finalit\u00e9 suppl\u00e9mentaire qui vous est notifi\u00e9e au moment ou avant le moment de la collecte des donn\u00e9es personnelles pertinentes ou du d\u00e9but du traitement pertinent\u00a0; ou (iii) tel que requis ou autoris\u00e9 par la loi applicable\u00a0; et par la suite, pendant la dur\u00e9e de tout d\u00e9lai de prescription applicable. En bref, une fois que vos donn\u00e9es personnelles ne seront plus n\u00e9cessaires, nous les d\u00e9truirons ou les supprimerons de mani\u00e8re s\u00e9curis\u00e9e.<\/p>\n\n<h2 class=\"wp-block-heading\">Contactez-nous<\/h2>\n\n<p>boqi agit en tant que \u00ab\u00a0contr\u00f4leur\u00a0\u00bb de vos donn\u00e9es personnelles qui sont trait\u00e9es dans le cadre de ou en relation avec la pr\u00e9sente politique de confidentialit\u00e9. Si vous avez des questions ou des commentaires concernant cet avis de confidentialit\u00e9 ou les pratiques de collecte et de traitement des donn\u00e9es personnelles de boqi, veuillez nous contacter, envoyer un e-mail \u00e0 info@boqiled.com ou nous envoyer un courrier \u00e0\u00a0:<\/p>\n\n<p>Shangshuijing 6 Industrial Park,<br \/>District de Longgang, ville de Shenzhen,<br \/>Province de Guangdong<br \/>Chine.<\/p>\n\t\t\t\t\t\t\t\t<\/div>\n\t\t\t\t\t<\/div>\n\t\t<\/div>\n\t\t\t\t\t<\/div>\n\t\t<\/section>\n\t\t\t\t<\/div>","protected":false},"excerpt":{"rendered":"<p>Privacy matters. We know that data privacy is a top issue today, and we want you to enjoy your interaction with us whilst knowing that we value your Personal Data and that we protect it. Here you will find an overview of how we process your Personal Data, the purposes for which we process it, [&hellip;]<\/p>","protected":false},"author":1,"featured_media":0,"parent":0,"menu_order":0,"comment_status":"closed","ping_status":"open","template":"","meta":{"_seopress_robots_primary_cat":"","_seopress_titles_title":"","_seopress_titles_desc":"Privacy Policy, Who we are, Our website address is: http:\/\/boqiled.com. And let you know what personal data we collect and why we collect it","_seopress_robots_index":"","footnotes":""},"class_list":["post-3","page","type-page","status-publish"],"_links":{"self":[{"href":"https:\/\/boqiled.com\/fr\/wp-json\/wp\/v2\/pages\/3","targetHints":{"allow":["GET"]}}],"collection":[{"href":"https:\/\/boqiled.com\/fr\/wp-json\/wp\/v2\/pages"}],"about":[{"href":"https:\/\/boqiled.com\/fr\/wp-json\/wp\/v2\/types\/page"}],"author":[{"embeddable":true,"href":"https:\/\/boqiled.com\/fr\/wp-json\/wp\/v2\/users\/1"}],"replies":[{"embeddable":true,"href":"https:\/\/boqiled.com\/fr\/wp-json\/wp\/v2\/comments?post=3"}],"version-history":[{"count":0,"href":"https:\/\/boqiled.com\/fr\/wp-json\/wp\/v2\/pages\/3\/revisions"}],"wp:attachment":[{"href":"https:\/\/boqiled.com\/fr\/wp-json\/wp\/v2\/media?parent=3"}],"curies":[{"name":"wp","href":"https:\/\/api.w.org\/{rel}","templated":true}]}}