{"id":11169,"date":"2023-09-06T11:31:20","date_gmt":"2023-09-06T03:31:20","guid":{"rendered":"https:\/\/boqiled.com\/?page_id=11169"},"modified":"2024-05-24T18:44:47","modified_gmt":"2024-05-24T10:44:47","slug":"thanks","status":"publish","type":"page","link":"https:\/\/boqiled.com\/pt\/thanks\/","title":{"rendered":"Thanks"},"content":{"rendered":"<div data-elementor-type=\"wp-page\" data-elementor-id=\"11169\" class=\"elementor elementor-11169\" data-elementor-post-type=\"page\">\n\t\t\t\t\t\t<section class=\"elementor-section elementor-top-section elementor-element elementor-element-8bf0840 elementor-section-boxed elementor-section-height-default elementor-section-height-default\" data-id=\"8bf0840\" data-element_type=\"section\">\n\t\t\t\t\t\t<div class=\"elementor-container elementor-column-gap-default\">\n\t\t\t\t\t<div class=\"elementor-column elementor-col-100 elementor-top-column elementor-element elementor-element-ee3bce5\" data-id=\"ee3bce5\" data-element_type=\"column\">\n\t\t\t<div class=\"elementor-widget-wrap elementor-element-populated\">\n\t\t\t\t\t\t<div class=\"elementor-element elementor-element-b50c0f1 elementor-widget elementor-widget-heading\" data-id=\"b50c0f1\" data-element_type=\"widget\" data-widget_type=\"heading.default\">\n\t\t\t\t\t<h1 class=\"elementor-heading-title elementor-size-default\">You're all set!<\/h1>\t\t\t\t<\/div>\n\t\t\t\t<div class=\"elementor-element elementor-element-81aaeec elementor-widget elementor-widget-text-editor\" data-id=\"81aaeec\" data-element_type=\"widget\" data-widget_type=\"text-editor.default\">\n\t\t\t\t\t\t\t\t\t<p>You have just successfully emailed us and hope that we will be good partners in the future for a win-win situation.<\/p><p>Entraremos em contato em at\u00e9 1 dia \u00fatil, fique atento ao e-mail com o sufixo <strong>&#8220;<\/strong><strong>@boqiled.com\"<\/strong>.\u00a0<\/p><p>If technical assistance is required, our product specialists will take up to 24 hours to prepare and will not be able to respond in a timely manner.<\/p>\t\t\t\t\t\t\t\t<\/div>\n\t\t\t\t\t<\/div>\n\t\t<\/div>\n\t\t\t\t\t<\/div>\n\t\t<\/section>\n\t\t\t\t<section class=\"elementor-section elementor-top-section elementor-element elementor-element-41bd4fc elementor-section-boxed elementor-section-height-default elementor-section-height-default\" data-id=\"41bd4fc\" data-element_type=\"section\">\n\t\t\t\t\t\t<div class=\"elementor-container elementor-column-gap-default\">\n\t\t\t\t\t<div class=\"elementor-column elementor-col-100 elementor-top-column elementor-element elementor-element-40268c0\" data-id=\"40268c0\" data-element_type=\"column\">\n\t\t\t<div class=\"elementor-widget-wrap elementor-element-populated\">\n\t\t\t\t\t\t<div class=\"elementor-element elementor-element-e22aaab elementor-widget elementor-widget-heading\" data-id=\"e22aaab\" data-element_type=\"widget\" data-widget_type=\"heading.default\">\n\t\t\t\t\t<h2 class=\"elementor-heading-title elementor-size-default\">You can download our catalogs here at any time.<\/h2>\t\t\t\t<\/div>\n\t\t\t\t<section class=\"elementor-section elementor-inner-section elementor-element elementor-element-924330a elementor-section-boxed elementor-section-height-default elementor-section-height-default\" data-id=\"924330a\" data-element_type=\"section\">\n\t\t\t\t\t\t<div class=\"elementor-container elementor-column-gap-default\">\n\t\t\t\t\t<div class=\"elementor-column elementor-col-50 elementor-inner-column elementor-element elementor-element-27d9c71\" data-id=\"27d9c71\" data-element_type=\"column\">\n\t\t\t<div class=\"elementor-widget-wrap elementor-element-populated\">\n\t\t\t\t\t\t<div class=\"elementor-element elementor-element-ec04558 elementor-widget elementor-widget-image\" data-id=\"ec04558\" data-element_type=\"widget\" data-widget_type=\"image.default\">\n\t\t\t\t\t\t\t\t\t\t\t\t\t\t\t<img decoding=\"async\" src=\"https:\/\/boqiled.com\/wp-content\/uploads\/elementor\/thumbs\/boqi-Dimmable-LED-Drivers-and-Dimmers-2024_00-qomnm8nrzfoc869w1u7oj2ye44yu9h5mhwrncuqvl4.jpg\" title=\"boqi dimmable led drivers and dimmers 2024 00\" alt=\"boqi dimmable led drivers and dimmers 2024 00\" loading=\"lazy\" \/>\t\t\t\t\t\t\t\t\t\t\t\t\t\t\t<\/div>\n\t\t\t\t<div class=\"elementor-element elementor-element-62801c0 elementor-widget elementor-widget-heading\" data-id=\"62801c0\" data-element_type=\"widget\" data-widget_type=\"heading.default\">\n\t\t\t\t\t<h4 class=\"elementor-heading-title elementor-size-default\">Cat\u00e1logo de Drivers e Dimmers LED<\/h4>\t\t\t\t<\/div>\n\t\t\t\t<div class=\"elementor-element elementor-element-d536e2b elementor-tablet-align-left elementor-mobile-align-center elementor-align-center elementor-widget elementor-widget-button\" data-id=\"d536e2b\" data-element_type=\"widget\" data-widget_type=\"button.default\">\n\t\t\t\t\t\t\t\t\t\t<a class=\"elementor-button elementor-button-link elementor-size-md\" href=\"https:\/\/boqiled.com\/wp-content\/uploads\/2024\/05\/boqi-Dimmable-LED-Drivers-and-Dimmers-2024.pdf\" target=\"_blank\">\n\t\t\t\t\t\t<span class=\"elementor-button-content-wrapper\">\n\t\t\t\t\t\t<span class=\"elementor-button-icon\">\n\t\t\t\t<i aria-hidden=\"true\" class=\"fas fa-file-pdf\"><\/i>\t\t\t<\/span>\n\t\t\t\t\t\t\t\t\t<span class=\"elementor-button-text\">Download Now<\/span>\n\t\t\t\t\t<\/span>\n\t\t\t\t\t<\/a>\n\t\t\t\t\t\t\t\t<\/div>\n\t\t\t\t\t<\/div>\n\t\t<\/div>\n\t\t\t\t<div class=\"elementor-column elementor-col-50 elementor-inner-column elementor-element elementor-element-2d240ea\" data-id=\"2d240ea\" data-element_type=\"column\">\n\t\t\t<div class=\"elementor-widget-wrap elementor-element-populated\">\n\t\t\t\t\t\t<div class=\"elementor-element elementor-element-39bd918 elementor-widget elementor-widget-image\" data-id=\"39bd918\" data-element_type=\"widget\" data-widget_type=\"image.default\">\n\t\t\t\t\t\t\t\t\t\t\t\t\t\t\t<img decoding=\"async\" src=\"https:\/\/boqiled.com\/wp-content\/uploads\/elementor\/thumbs\/boqi-LED-Controller-Catalog-2023-scaled-qlityoztam9lobt7ru7fk18b9eoibkq1cydjmebzvs.jpg\" title=\"cat\u00e1logo 2023 do controlador boqi led\" alt=\"cat\u00e1logo 2023 do controlador boqi led\" loading=\"lazy\" \/>\t\t\t\t\t\t\t\t\t\t\t\t\t\t\t<\/div>\n\t\t\t\t<div class=\"elementor-element elementor-element-2cb6af9 elementor-widget elementor-widget-heading\" data-id=\"2cb6af9\" data-element_type=\"widget\" data-widget_type=\"heading.default\">\n\t\t\t\t\t<h4 class=\"elementor-heading-title elementor-size-default\">Cat\u00e1logo de Controladores de Ilumina\u00e7\u00e3o LED<\/h4>\t\t\t\t<\/div>\n\t\t\t\t<div class=\"elementor-element elementor-element-c5f720f elementor-tablet-align-left elementor-mobile-align-center elementor-align-center elementor-widget elementor-widget-button\" data-id=\"c5f720f\" data-element_type=\"widget\" data-widget_type=\"button.default\">\n\t\t\t\t\t\t\t\t\t\t<a class=\"elementor-button elementor-button-link elementor-size-md\" href=\"https:\/\/boqiled.com\/wp-content\/uploads\/2023\/09\/boqi-LED-Controller-Catalog-2023.pdf\" target=\"_blank\">\n\t\t\t\t\t\t<span class=\"elementor-button-content-wrapper\">\n\t\t\t\t\t\t<span class=\"elementor-button-icon\">\n\t\t\t\t<i aria-hidden=\"true\" class=\"fas fa-file-pdf\"><\/i>\t\t\t<\/span>\n\t\t\t\t\t\t\t\t\t<span class=\"elementor-button-text\">Download Now<\/span>\n\t\t\t\t\t<\/span>\n\t\t\t\t\t<\/a>\n\t\t\t\t\t\t\t\t<\/div>\n\t\t\t\t\t<\/div>\n\t\t<\/div>\n\t\t\t\t\t<\/div>\n\t\t<\/section>\n\t\t\t\t\t<\/div>\n\t\t<\/div>\n\t\t\t\t\t<\/div>\n\t\t<\/section>\n\t\t\t\t<section class=\"elementor-section elementor-top-section elementor-element elementor-element-76e444b elementor-section-boxed elementor-section-height-default elementor-section-height-default\" data-id=\"76e444b\" data-element_type=\"section\">\n\t\t\t\t\t\t<div class=\"elementor-container elementor-column-gap-default\">\n\t\t\t\t\t<div class=\"elementor-column elementor-col-100 elementor-top-column elementor-element elementor-element-dd9496c\" data-id=\"dd9496c\" data-element_type=\"column\">\n\t\t\t<div class=\"elementor-widget-wrap elementor-element-populated\">\n\t\t\t\t\t\t<div class=\"elementor-element elementor-element-b38dd5c elementor-widget elementor-widget-heading\" data-id=\"b38dd5c\" data-element_type=\"widget\" data-widget_type=\"heading.default\">\n\t\t\t\t\t<h2 class=\"elementor-heading-title elementor-size-default\">Contactar com o Whatsapp\/Wechat agora!<\/h2>\t\t\t\t<\/div>\n\t\t\t\t<section class=\"elementor-section elementor-inner-section elementor-element elementor-element-00bccc9 elementor-section-boxed elementor-section-height-default elementor-section-height-default\" data-id=\"00bccc9\" data-element_type=\"section\">\n\t\t\t\t\t\t<div class=\"elementor-container elementor-column-gap-default\">\n\t\t\t\t\t<div class=\"elementor-column elementor-col-50 elementor-inner-column elementor-element elementor-element-5c4a19c\" data-id=\"5c4a19c\" data-element_type=\"column\">\n\t\t\t<div class=\"elementor-widget-wrap elementor-element-populated\">\n\t\t\t\t\t\t<div class=\"elementor-element elementor-element-7c872cf elementor-widget elementor-widget-heading\" data-id=\"7c872cf\" data-element_type=\"widget\" data-widget_type=\"heading.default\">\n\t\t\t\t\t<h3 class=\"elementor-heading-title elementor-size-default\">Whatsapp<\/h3>\t\t\t\t<\/div>\n\t\t\t\t<div class=\"elementor-element elementor-element-88c74ba elementor-widget elementor-widget-image\" data-id=\"88c74ba\" data-element_type=\"widget\" data-widget_type=\"image.default\">\n\t\t\t\t\t\t\t\t\t\t\t\t\t\t\t<img fetchpriority=\"high\" decoding=\"async\" width=\"300\" height=\"300\" src=\"https:\/\/boqiled.com\/wp-content\/uploads\/2023\/09\/whatsapp-300x300-1-300x300.jpg\" class=\"attachment-medium size-medium wp-image-11180\" alt=\"\" srcset=\"https:\/\/boqiled.com\/wp-content\/uploads\/2023\/09\/whatsapp-300x300-1-300x300.jpg 300w, https:\/\/boqiled.com\/wp-content\/uploads\/2023\/09\/whatsapp-300x300-1-150x150.jpg 150w, https:\/\/boqiled.com\/wp-content\/uploads\/2023\/09\/whatsapp-300x300-1-12x12.jpg 12w, https:\/\/boqiled.com\/wp-content\/uploads\/2023\/09\/whatsapp-300x300-1-100x100.jpg 100w, https:\/\/boqiled.com\/wp-content\/uploads\/2023\/09\/whatsapp-300x300-1.jpg 511w\" sizes=\"(max-width: 300px) 100vw, 300px\" \/>\t\t\t\t\t\t\t\t\t\t\t\t\t\t\t<\/div>\n\t\t\t\t\t<\/div>\n\t\t<\/div>\n\t\t\t\t<div class=\"elementor-column elementor-col-50 elementor-inner-column elementor-element elementor-element-9e8cba9\" data-id=\"9e8cba9\" data-element_type=\"column\">\n\t\t\t<div class=\"elementor-widget-wrap elementor-element-populated\">\n\t\t\t\t\t\t<div class=\"elementor-element elementor-element-0961924 elementor-widget elementor-widget-heading\" data-id=\"0961924\" data-element_type=\"widget\" data-widget_type=\"heading.default\">\n\t\t\t\t\t<h3 class=\"elementor-heading-title elementor-size-default\">Wechat<\/h3>\t\t\t\t<\/div>\n\t\t\t\t<div class=\"elementor-element elementor-element-60bd50e elementor-widget elementor-widget-image\" data-id=\"60bd50e\" data-element_type=\"widget\" data-widget_type=\"image.default\">\n\t\t\t\t\t\t\t\t\t\t\t\t\t\t\t<img decoding=\"async\" width=\"300\" height=\"300\" src=\"https:\/\/boqiled.com\/wp-content\/uploads\/2023\/09\/Wechat-300x300-1-300x300.jpg\" class=\"attachment-medium size-medium wp-image-11181\" alt=\"\" srcset=\"https:\/\/boqiled.com\/wp-content\/uploads\/2023\/09\/Wechat-300x300-1-300x300.jpg 300w, https:\/\/boqiled.com\/wp-content\/uploads\/2023\/09\/Wechat-300x300-1-150x150.jpg 150w, https:\/\/boqiled.com\/wp-content\/uploads\/2023\/09\/Wechat-300x300-1-768x768.jpg 768w, https:\/\/boqiled.com\/wp-content\/uploads\/2023\/09\/Wechat-300x300-1-12x12.jpg 12w, https:\/\/boqiled.com\/wp-content\/uploads\/2023\/09\/Wechat-300x300-1-100x100.jpg 100w, https:\/\/boqiled.com\/wp-content\/uploads\/2023\/09\/Wechat-300x300-1.jpg 779w\" sizes=\"(max-width: 300px) 100vw, 300px\" \/>\t\t\t\t\t\t\t\t\t\t\t\t\t\t\t<\/div>\n\t\t\t\t\t<\/div>\n\t\t<\/div>\n\t\t\t\t\t<\/div>\n\t\t<\/section>\n\t\t\t\t\t<\/div>\n\t\t<\/div>\n\t\t\t\t\t<\/div>\n\t\t<\/section>\n\t\t\t\t<\/div>","protected":false},"excerpt":{"rendered":"<p>You&#8217;re all set! You have just successfully emailed us and hope that we will be good partners in the future for a win-win situation. We will contact you within 1 working day, please pay attention to the email with the suffix &#8220;@boqiled.com&#8221;.\u00a0 If technical assistance is required, our product specialists will take up to 24 [&hellip;]<\/p>","protected":false},"author":1,"featured_media":0,"parent":0,"menu_order":0,"comment_status":"closed","ping_status":"closed","template":"","meta":{"_seopress_robots_primary_cat":"","_seopress_titles_title":"","_seopress_titles_desc":"","_seopress_robots_index":"yes","footnotes":""},"class_list":["post-11169","page","type-page","status-publish"],"_links":{"self":[{"href":"https:\/\/boqiled.com\/pt\/wp-json\/wp\/v2\/pages\/11169","targetHints":{"allow":["GET"]}}],"collection":[{"href":"https:\/\/boqiled.com\/pt\/wp-json\/wp\/v2\/pages"}],"about":[{"href":"https:\/\/boqiled.com\/pt\/wp-json\/wp\/v2\/types\/page"}],"author":[{"embeddable":true,"href":"https:\/\/boqiled.com\/pt\/wp-json\/wp\/v2\/users\/1"}],"replies":[{"embeddable":true,"href":"https:\/\/boqiled.com\/pt\/wp-json\/wp\/v2\/comments?post=11169"}],"version-history":[{"count":0,"href":"https:\/\/boqiled.com\/pt\/wp-json\/wp\/v2\/pages\/11169\/revisions"}],"wp:attachment":[{"href":"https:\/\/boqiled.com\/pt\/wp-json\/wp\/v2\/media?parent=11169"}],"curies":[{"name":"wp","href":"https:\/\/api.w.org\/{rel}","templated":true}]}}