{"id":1265,"date":"2021-12-31T17:11:51","date_gmt":"2021-12-31T09:11:51","guid":{"rendered":"http:\/\/boqiled.com\/?page_id=1265"},"modified":"2023-09-13T16:12:35","modified_gmt":"2023-09-13T08:12:35","slug":"obrigada","status":"publish","type":"page","link":"https:\/\/boqiled.com\/pt\/obrigada\/","title":{"rendered":"Thank you"},"content":{"rendered":"<div data-elementor-type=\"wp-page\" data-elementor-id=\"1265\" class=\"elementor elementor-1265\" data-elementor-post-type=\"page\">\n\t\t\t\t\t\t<section class=\"elementor-section elementor-top-section elementor-element elementor-element-363b323 elementor-section-boxed elementor-section-height-default elementor-section-height-default\" data-id=\"363b323\" data-element_type=\"section\" data-settings=\"{&quot;background_background&quot;:&quot;classic&quot;}\">\n\t\t\t\t\t\t<div class=\"elementor-container elementor-column-gap-default\">\n\t\t\t\t\t<div class=\"elementor-column elementor-col-100 elementor-top-column elementor-element elementor-element-6117e8a\" data-id=\"6117e8a\" data-element_type=\"column\">\n\t\t\t<div class=\"elementor-widget-wrap elementor-element-populated\">\n\t\t\t\t\t\t<div class=\"elementor-element elementor-element-9e9fe59 elementor-view-default elementor-widget elementor-widget-icon\" data-id=\"9e9fe59\" data-element_type=\"widget\" data-widget_type=\"icon.default\">\n\t\t\t\t\t\t\t<div class=\"elementor-icon-wrapper\">\n\t\t\t<div class=\"elementor-icon\">\n\t\t\t<i aria-hidden=\"true\" class=\"fas fa-check-square\"><\/i>\t\t\t<\/div>\n\t\t<\/div>\n\t\t\t\t\t\t<\/div>\n\t\t\t\t<div class=\"elementor-element elementor-element-fd1459e elementor-widget elementor-widget-heading\" data-id=\"fd1459e\" data-element_type=\"widget\" data-widget_type=\"heading.default\">\n\t\t\t\t\t<h1 class=\"elementor-heading-title elementor-size-default\">Obrigado por sua pergunta!<\/h1>\t\t\t\t<\/div>\n\t\t\t\t<div class=\"elementor-element elementor-element-b1abdf6 elementor-widget elementor-widget-text-editor\" data-id=\"b1abdf6\" data-element_type=\"widget\" data-widget_type=\"text-editor.default\">\n\t\t\t\t\t\t\t\t\t<p><span style=\"background-color: var( --e-global-color-4cb81b0 ); color: var( --e-global-color-66cb062d ); font-family: var( --e-global-typography-576221b-font-family ), Sans-serif; letter-spacing: var( --e-global-typography-576221b-letter-spacing );\">Caro cliente:<\/span><\/p>\n<p>Obrigado por entrar em contato com a boqi, seu e-mail foi recebido, nossa equipe ir\u00e1 analis\u00e1-lo e retornar\u00e1 em 24 horas.<br>Seria bom se, entretanto, pudesse enviar um aviso, por precau\u00e7\u00e3o.  O e-mail \u00e9 com o sufixo <strong>&#8220;<\/strong><strong>@boqiled.com\"<\/strong>. Se n\u00e3o receber a nossa resposta, verifique a sua pasta de \"correio n\u00e3o solicitado\" ou \"spam\". Ou pode contactar-nos diretamente atrav\u00e9s da aplica\u00e7\u00e3o de conversa\u00e7\u00e3o da seguinte forma.<br>Estamos ansiosos para trabalhar com voc\u00ea em um futuro pr\u00f3ximo.<br>Atenciosamente,<br>Zoe Zhu \u4e28 Co-fundador<\/p>\n<p><img decoding=\"async\" class=\"alignnone wp-image-15\" src=\"https:\/\/boqiled.com\/wp-content\/uploads\/2021\/01\/\u7ad9\u957f\u5934\u50cf-150x150.jpg\" alt=\"\" width=\"85\" height=\"85\" srcset=\"https:\/\/boqiled.com\/wp-content\/uploads\/2021\/01\/\u7ad9\u957f\u5934\u50cf-150x150.jpg 150w, https:\/\/boqiled.com\/wp-content\/uploads\/2021\/01\/\u7ad9\u957f\u5934\u50cf-100x100.jpg 100w\" sizes=\"(max-width: 85px) 100vw, 85px\" \/><\/p>\t\t\t\t\t\t\t\t<\/div>\n\t\t\t\t<div class=\"elementor-element elementor-element-1109f47 elementor-view-default elementor-widget elementor-widget-icon\" data-id=\"1109f47\" data-element_type=\"widget\" data-widget_type=\"icon.default\">\n\t\t\t\t\t\t\t<div class=\"elementor-icon-wrapper\">\n\t\t\t<a class=\"elementor-icon\" href=\"#chat\">\n\t\t\t<i aria-hidden=\"true\" class=\"fas fa-chevron-circle-down\"><\/i>\t\t\t<\/a>\n\t\t<\/div>\n\t\t\t\t\t\t<\/div>\n\t\t\t\t\t<\/div>\n\t\t<\/div>\n\t\t\t\t\t<\/div>\n\t\t<\/section>\n\t\t\t\t<section class=\"elementor-section elementor-top-section elementor-element elementor-element-3ed5103 elementor-section-boxed elementor-section-height-default elementor-section-height-default\" data-id=\"3ed5103\" data-element_type=\"section\" id=\"chat\">\n\t\t\t\t\t\t<div class=\"elementor-container elementor-column-gap-default\">\n\t\t\t\t\t<div class=\"elementor-column elementor-col-100 elementor-top-column elementor-element elementor-element-70b8805\" data-id=\"70b8805\" data-element_type=\"column\">\n\t\t\t<div class=\"elementor-widget-wrap elementor-element-populated\">\n\t\t\t\t\t\t<div class=\"elementor-element elementor-element-4b44d00 elementor-widget elementor-widget-heading\" data-id=\"4b44d00\" data-element_type=\"widget\" data-widget_type=\"heading.default\">\n\t\t\t\t\t<h2 class=\"elementor-heading-title elementor-size-default\">Contactar com o Whatsapp\/Wechat agora!<\/h2>\t\t\t\t<\/div>\n\t\t\t\t<section class=\"elementor-section elementor-inner-section elementor-element elementor-element-50e050d elementor-section-boxed elementor-section-height-default elementor-section-height-default\" data-id=\"50e050d\" data-element_type=\"section\">\n\t\t\t\t\t\t<div class=\"elementor-container elementor-column-gap-default\">\n\t\t\t\t\t<div class=\"elementor-column elementor-col-50 elementor-inner-column elementor-element elementor-element-c9387ba\" data-id=\"c9387ba\" data-element_type=\"column\">\n\t\t\t<div class=\"elementor-widget-wrap elementor-element-populated\">\n\t\t\t\t\t\t<div class=\"elementor-element elementor-element-b5e4685 elementor-widget elementor-widget-heading\" data-id=\"b5e4685\" data-element_type=\"widget\" data-widget_type=\"heading.default\">\n\t\t\t\t\t<h3 class=\"elementor-heading-title elementor-size-default\">Whatsapp<\/h3>\t\t\t\t<\/div>\n\t\t\t\t<div class=\"elementor-element elementor-element-469eb67 elementor-widget elementor-widget-image\" data-id=\"469eb67\" data-element_type=\"widget\" data-widget_type=\"image.default\">\n\t\t\t\t\t\t\t\t\t\t\t\t\t\t\t<img fetchpriority=\"high\" decoding=\"async\" width=\"300\" height=\"300\" src=\"https:\/\/boqiled.com\/wp-content\/uploads\/2023\/09\/whatsapp-300x300-1-300x300.jpg\" class=\"attachment-medium size-medium wp-image-11180\" alt=\"\" srcset=\"https:\/\/boqiled.com\/wp-content\/uploads\/2023\/09\/whatsapp-300x300-1-300x300.jpg 300w, https:\/\/boqiled.com\/wp-content\/uploads\/2023\/09\/whatsapp-300x300-1-150x150.jpg 150w, https:\/\/boqiled.com\/wp-content\/uploads\/2023\/09\/whatsapp-300x300-1-12x12.jpg 12w, https:\/\/boqiled.com\/wp-content\/uploads\/2023\/09\/whatsapp-300x300-1-100x100.jpg 100w, https:\/\/boqiled.com\/wp-content\/uploads\/2023\/09\/whatsapp-300x300-1.jpg 511w\" sizes=\"(max-width: 300px) 100vw, 300px\" \/>\t\t\t\t\t\t\t\t\t\t\t\t\t\t\t<\/div>\n\t\t\t\t\t<\/div>\n\t\t<\/div>\n\t\t\t\t<div class=\"elementor-column elementor-col-50 elementor-inner-column elementor-element elementor-element-4ac9457\" data-id=\"4ac9457\" data-element_type=\"column\">\n\t\t\t<div class=\"elementor-widget-wrap elementor-element-populated\">\n\t\t\t\t\t\t<div class=\"elementor-element elementor-element-8d91eb0 elementor-widget elementor-widget-heading\" data-id=\"8d91eb0\" data-element_type=\"widget\" data-widget_type=\"heading.default\">\n\t\t\t\t\t<h3 class=\"elementor-heading-title elementor-size-default\">Wechat<\/h3>\t\t\t\t<\/div>\n\t\t\t\t<div class=\"elementor-element elementor-element-129f73a elementor-widget elementor-widget-image\" data-id=\"129f73a\" data-element_type=\"widget\" data-widget_type=\"image.default\">\n\t\t\t\t\t\t\t\t\t\t\t\t\t\t\t<img decoding=\"async\" width=\"300\" height=\"300\" src=\"https:\/\/boqiled.com\/wp-content\/uploads\/2023\/09\/Wechat-300x300-1-300x300.jpg\" class=\"attachment-medium size-medium wp-image-11181\" alt=\"\" srcset=\"https:\/\/boqiled.com\/wp-content\/uploads\/2023\/09\/Wechat-300x300-1-300x300.jpg 300w, https:\/\/boqiled.com\/wp-content\/uploads\/2023\/09\/Wechat-300x300-1-150x150.jpg 150w, https:\/\/boqiled.com\/wp-content\/uploads\/2023\/09\/Wechat-300x300-1-768x768.jpg 768w, https:\/\/boqiled.com\/wp-content\/uploads\/2023\/09\/Wechat-300x300-1-12x12.jpg 12w, https:\/\/boqiled.com\/wp-content\/uploads\/2023\/09\/Wechat-300x300-1-100x100.jpg 100w, https:\/\/boqiled.com\/wp-content\/uploads\/2023\/09\/Wechat-300x300-1.jpg 779w\" sizes=\"(max-width: 300px) 100vw, 300px\" \/>\t\t\t\t\t\t\t\t\t\t\t\t\t\t\t<\/div>\n\t\t\t\t\t<\/div>\n\t\t<\/div>\n\t\t\t\t\t<\/div>\n\t\t<\/section>\n\t\t\t\t<div class=\"elementor-element elementor-element-91edf18 elementor-align-center elementor-widget elementor-widget-button\" data-id=\"91edf18\" data-element_type=\"widget\" data-widget_type=\"button.default\">\n\t\t\t\t\t\t\t\t\t\t<a class=\"elementor-button elementor-button-link elementor-size-md\" href=\"https:\/\/boqiled.com\/\">\n\t\t\t\t\t\t<span class=\"elementor-button-content-wrapper\">\n\t\t\t\t\t\t<span class=\"elementor-button-icon\">\n\t\t\t\t<i aria-hidden=\"true\" class=\"fas fa-arrow-right\"><\/i>\t\t\t<\/span>\n\t\t\t\t\t\t\t\t\t<span class=\"elementor-button-text\">Voltar \u00e0 p\u00e1gina inicial<\/span>\n\t\t\t\t\t<\/span>\n\t\t\t\t\t<\/a>\n\t\t\t\t\t\t\t\t<\/div>\n\t\t\t\t\t<\/div>\n\t\t<\/div>\n\t\t\t\t\t<\/div>\n\t\t<\/section>\n\t\t\t\t<\/div>","protected":false},"excerpt":{"rendered":"<p>Thanks for Your Inquiry! Dear Client: Thank you for contacting boqi, your email has been received, our team will review it and get back to you within 24 hours.It would be nice if you could send through a notice in the meanwhile just in case.&nbsp; Email is with the suffix &#8220;@boqiled.com&#8221;. If you do not [&hellip;]<\/p>","protected":false},"author":1,"featured_media":0,"parent":0,"menu_order":0,"comment_status":"closed","ping_status":"closed","template":"","meta":{"_seopress_robots_primary_cat":"","_seopress_titles_title":"","_seopress_titles_desc":"","_seopress_robots_index":"","footnotes":""},"class_list":["post-1265","page","type-page","status-publish"],"_links":{"self":[{"href":"https:\/\/boqiled.com\/pt\/wp-json\/wp\/v2\/pages\/1265","targetHints":{"allow":["GET"]}}],"collection":[{"href":"https:\/\/boqiled.com\/pt\/wp-json\/wp\/v2\/pages"}],"about":[{"href":"https:\/\/boqiled.com\/pt\/wp-json\/wp\/v2\/types\/page"}],"author":[{"embeddable":true,"href":"https:\/\/boqiled.com\/pt\/wp-json\/wp\/v2\/users\/1"}],"replies":[{"embeddable":true,"href":"https:\/\/boqiled.com\/pt\/wp-json\/wp\/v2\/comments?post=1265"}],"version-history":[{"count":0,"href":"https:\/\/boqiled.com\/pt\/wp-json\/wp\/v2\/pages\/1265\/revisions"}],"wp:attachment":[{"href":"https:\/\/boqiled.com\/pt\/wp-json\/wp\/v2\/media?parent=1265"}],"curies":[{"name":"wp","href":"https:\/\/api.w.org\/{rel}","templated":true}]}}