{"id":3,"date":"2021-01-08T09:44:53","date_gmt":"2021-01-08T09:44:53","guid":{"rendered":"http:\/\/boqiled.com\/?page_id=3"},"modified":"2025-11-04T15:26:29","modified_gmt":"2025-11-04T07:26:29","slug":"politica-de-privacidade","status":"publish","type":"page","link":"https:\/\/boqiled.com\/pt\/politica-de-privacidade\/","title":{"rendered":"Privacy Policy"},"content":{"rendered":"<div data-elementor-type=\"wp-page\" data-elementor-id=\"3\" class=\"elementor elementor-3\" data-elementor-post-type=\"page\">\n\t\t\t\t\t\t<section class=\"elementor-section elementor-top-section elementor-element elementor-element-46bd519d elementor-section-boxed elementor-section-height-default elementor-section-height-default\" data-id=\"46bd519d\" data-element_type=\"section\">\n\t\t\t\t\t\t<div class=\"elementor-container elementor-column-gap-default\">\n\t\t\t\t\t<div class=\"elementor-column elementor-col-100 elementor-top-column elementor-element elementor-element-7879a18e\" data-id=\"7879a18e\" data-element_type=\"column\">\n\t\t\t<div class=\"elementor-widget-wrap elementor-element-populated\">\n\t\t\t\t\t\t<div class=\"elementor-element elementor-element-14273c2b elementor-widget elementor-widget-text-editor\" data-id=\"14273c2b\" data-element_type=\"widget\" data-widget_type=\"text-editor.default\">\n\t\t\t\t\t\t\t\t\t\n<h2 class=\"wp-block-heading\">A privacidade \u00e9 importante.<\/h2>\n\n<p>Sabemos que a privacidade de dados \u00e9 uma quest\u00e3o importante hoje em dia e queremos que voc\u00ea aproveite sua intera\u00e7\u00e3o conosco, sabendo que valorizamos seus dados pessoais e os protegemos.<\/p>\n\n<p>Aqui voc\u00ea encontrar\u00e1 uma vis\u00e3o geral de como processamos seus Dados Pessoais, as finalidades para as quais os processamos e como voc\u00ea se beneficia. Tamb\u00e9m ver\u00e1 quais s\u00e3o os seus direitos e como nos pode contactar.<\/p>\n\n<h2 class=\"wp-block-heading\">Atualiza\u00e7\u00f5es deste Aviso de Privacidade<\/h2>\n\n<p>\u00c0 medida que os neg\u00f3cios e a tecnologia evoluem, podemos precisar alterar este Aviso de Privacidade. Incentivamos voc\u00ea a revisar regularmente este Aviso de Privacidade para garantir que esteja atualizado sobre como o boqi est\u00e1 usando seus Dados Pessoais.<\/p>\n\n<h3 class=\"wp-block-heading\">Com menos de 13 anos?<\/h3>\n\n<p>Se voc\u00ea tem menos de 13 anos, pedimos que espere ser um pouco mais velho para interagir conosco ou pe\u00e7a a um dos pais ou respons\u00e1vel para entrar em contato conosco! N\u00e3o podemos coletar e usar seus Dados Pessoais sem o consentimento deles.<\/p>\n\n<h3 class=\"wp-block-heading\">Por que processamos seus Dados Pessoais?<\/h3>\n\n<p>Processamos seus dados pessoais, incluindo quaisquer dados pessoais confidenciais que voc\u00ea nos forneceu com seu consentimento, para nos comunicarmos com voc\u00ea, atender seus pedidos de compra, responder \u00e0s suas perguntas e fornecer comunica\u00e7\u00f5es sobre o boqi e nossos produtos. Tamb\u00e9m processamos seus Dados Pessoais para nos ajudar a cumprir a lei, vender ou transferir qualquer parte relevante de nossos neg\u00f3cios, gerenciar nossos sistemas e finan\u00e7as, conduzir investiga\u00e7\u00f5es e exercer direitos legais. Combinamos seus Dados Pessoais de todas as fontes para que possamos entend\u00ea-lo melhor para melhorar e personalizar sua experi\u00eancia ao interagir conosco.<\/p>\n\n<h3 class=\"wp-block-heading\">Quem pode aceder aos seus Dados Pessoais e porqu\u00ea?<\/h3>\n\n<p>Limitamos a divulga\u00e7\u00e3o de seus Dados Pessoais a terceiros, no entanto, precisamos divulgar seus Dados Pessoais em determinadas inst\u00e2ncias e principalmente aos seguintes destinat\u00e1rios:<\/p>\n\n<p>Empresas dentro do Grupo boqi, quando necess\u00e1rio para nossos interesses leg\u00edtimos ou com o seu consentimento;<\/p>\n\n<p>Terceiros contratados por n\u00f3s para fornecer servi\u00e7os como administra\u00e7\u00e3o de sites boqi, aplicativos e servi\u00e7os (por exemplo, recursos, programas e promo\u00e7\u00f5es) dispon\u00edveis para voc\u00ea, sujeitos \u00e0s prote\u00e7\u00f5es apropriadas;<\/p>\n\n<p>Ag\u00eancias de relat\u00f3rios de cr\u00e9dito\/cobradores de d\u00edvidas, quando permitido por lei e se precisarmos verificar sua credibilidade (por exemplo, se voc\u00ea optar por fazer o pedido com fatura) ou cobrar faturas pendentes; e \u00d3rg\u00e3os e autoridades p\u00fablicas relevantes, se exigido por lei ou interesse comercial leg\u00edtimo.<\/p>\n\n<h2 class=\"wp-block-heading\">Seguran\u00e7a e reten\u00e7\u00e3o de dados<\/h2>\n\n<p>Usamos uma variedade de medidas para manter seus Dados Pessoais confidenciais e seguros, incluindo a restri\u00e7\u00e3o do acesso aos seus Dados Pessoais conforme necess\u00e1rio e o cumprimento de padr\u00f5es de seguran\u00e7a apropriados para proteger seus dados.<\/p>\n\n<p>Tomamos todas as medidas razo\u00e1veis para garantir que seus Dados Pessoais sejam Processados apenas pelo per\u00edodo m\u00ednimo necess\u00e1rio em conex\u00e3o com: (i) os prop\u00f3sitos estabelecidos neste Aviso de Privacidade; (ii) quaisquer finalidades adicionais notificadas a voc\u00ea antes ou no momento da coleta dos Dados Pessoais relevantes ou in\u00edcio do processamento relevante; ou (iii) conforme exigido ou permitido pela lei aplic\u00e1vel; e posteriormente, pela dura\u00e7\u00e3o de qualquer prazo de prescri\u00e7\u00e3o aplic\u00e1vel. Resumindo, uma vez que seus Dados Pessoais n\u00e3o sejam mais necess\u00e1rios, iremos destru\u00ed-los ou exclu\u00ed-los de maneira segura.<\/p>\n\n<h2 class=\"wp-block-heading\">Contate-Nos<\/h2>\n\n<p>boqi atua como \u201ccontrolador\u201d de seus Dados Pessoais que s\u00e3o processados sob, ou em conex\u00e3o com, este Aviso de Privacidade. Se voc\u00ea tiver alguma d\u00favida ou coment\u00e1rio sobre este Aviso de Privacidade ou as pr\u00e1ticas de coleta e processamento de Dados Pessoais do boqi, entre em contato conosco ou envie um e-mail para info@boqiled.com ou envie-nos um e-mail para:<\/p>\n\n<p>Shangshuijing 6 Industrial Park,<br \/>Distrito de Longgang, cidade de Shenzhen,<br \/>Prov\u00edncia de Guangdong<br \/>China.<\/p>\n\t\t\t\t\t\t\t\t<\/div>\n\t\t\t\t\t<\/div>\n\t\t<\/div>\n\t\t\t\t\t<\/div>\n\t\t<\/section>\n\t\t\t\t<\/div>","protected":false},"excerpt":{"rendered":"<p>Privacy matters. We know that data privacy is a top issue today, and we want you to enjoy your interaction with us whilst knowing that we value your Personal Data and that we protect it. Here you will find an overview of how we process your Personal Data, the purposes for which we process it, [&hellip;]<\/p>","protected":false},"author":1,"featured_media":0,"parent":0,"menu_order":0,"comment_status":"closed","ping_status":"open","template":"","meta":{"_seopress_robots_primary_cat":"","_seopress_titles_title":"","_seopress_titles_desc":"Privacy Policy, Who we are, Our website address is: http:\/\/boqiled.com. And let you know what personal data we collect and why we collect it","_seopress_robots_index":"","footnotes":""},"class_list":["post-3","page","type-page","status-publish"],"_links":{"self":[{"href":"https:\/\/boqiled.com\/pt\/wp-json\/wp\/v2\/pages\/3","targetHints":{"allow":["GET"]}}],"collection":[{"href":"https:\/\/boqiled.com\/pt\/wp-json\/wp\/v2\/pages"}],"about":[{"href":"https:\/\/boqiled.com\/pt\/wp-json\/wp\/v2\/types\/page"}],"author":[{"embeddable":true,"href":"https:\/\/boqiled.com\/pt\/wp-json\/wp\/v2\/users\/1"}],"replies":[{"embeddable":true,"href":"https:\/\/boqiled.com\/pt\/wp-json\/wp\/v2\/comments?post=3"}],"version-history":[{"count":0,"href":"https:\/\/boqiled.com\/pt\/wp-json\/wp\/v2\/pages\/3\/revisions"}],"wp:attachment":[{"href":"https:\/\/boqiled.com\/pt\/wp-json\/wp\/v2\/media?parent=3"}],"curies":[{"name":"wp","href":"https:\/\/api.w.org\/{rel}","templated":true}]}}