{"id":3,"date":"2021-01-08T09:44:53","date_gmt":"2021-01-08T09:44:53","guid":{"rendered":"http:\/\/boqiled.com\/?page_id=3"},"modified":"2025-11-04T15:26:29","modified_gmt":"2025-11-04T07:26:29","slug":"integritetspolicy","status":"publish","type":"page","link":"https:\/\/boqiled.com\/sv\/integritetspolicy\/","title":{"rendered":"Privacy Policy"},"content":{"rendered":"<div data-elementor-type=\"wp-page\" data-elementor-id=\"3\" class=\"elementor elementor-3\" data-elementor-post-type=\"page\">\n\t\t\t\t\t\t<section class=\"elementor-section elementor-top-section elementor-element elementor-element-46bd519d elementor-section-boxed elementor-section-height-default elementor-section-height-default\" data-id=\"46bd519d\" data-element_type=\"section\">\n\t\t\t\t\t\t<div class=\"elementor-container elementor-column-gap-default\">\n\t\t\t\t\t<div class=\"elementor-column elementor-col-100 elementor-top-column elementor-element elementor-element-7879a18e\" data-id=\"7879a18e\" data-element_type=\"column\">\n\t\t\t<div class=\"elementor-widget-wrap elementor-element-populated\">\n\t\t\t\t\t\t<div class=\"elementor-element elementor-element-14273c2b elementor-widget elementor-widget-text-editor\" data-id=\"14273c2b\" data-element_type=\"widget\" data-widget_type=\"text-editor.default\">\n\t\t\t\t\t\t\t\t\t\n<h2 class=\"wp-block-heading\">Integritet \u00e4r viktigt.<\/h2>\n\n<p>Vi vet att datasekretess \u00e4r en toppfr\u00e5ga idag, och vi vill att du ska njuta av din interaktion med oss samtidigt som vi vet att vi v\u00e4rdes\u00e4tter dina personuppgifter och att vi skyddar dem.<\/p>\n\n<p>H\u00e4r hittar du en \u00f6versikt \u00f6ver hur vi behandlar dina personuppgifter, f\u00f6r vilka \u00e4ndam\u00e5l vi behandlar dem och hur du gynnas. Du f\u00e5r ocks\u00e5 se vilka r\u00e4ttigheter du har och hur du kan kontakta oss.<\/p>\n\n<h2 class=\"wp-block-heading\">Uppdateringar av detta sekretessmeddelande<\/h2>\n\n<p>N\u00e4r verksamheten och tekniken utvecklas kan vi beh\u00f6va \u00e4ndra detta sekretessmeddelande. Vi uppmuntrar dig att regelbundet granska detta sekretessmeddelande f\u00f6r att se till att du \u00e4r uppdaterad med hur boqi anv\u00e4nder dina personuppgifter.<\/p>\n\n<h3 class=\"wp-block-heading\">Under 13 \u00e5r?<\/h3>\n\n<p>Om du \u00e4r under 13 \u00e5r ber vi dig att v\u00e4nta med att bli lite \u00e4ldre f\u00f6r att interagera med oss eller be en f\u00f6r\u00e4lder eller v\u00e5rdnadshavare att kontakta oss! Vi kan inte samla in och anv\u00e4nda dina personuppgifter utan deras samtycke.<\/p>\n\n<h3 class=\"wp-block-heading\">Varf\u00f6r behandlar vi dina personuppgifter?<\/h3>\n\n<p>Vi behandlar dina personuppgifter, inklusive alla k\u00e4nsliga personuppgifter som du har l\u00e4mnat till oss med ditt samtycke, f\u00f6r att kommunicera med dig, utf\u00f6ra dina ink\u00f6psorder, svara p\u00e5 dina fr\u00e5gor och f\u00f6rse dig med kommunikation om boqi och v\u00e5ra produkter. Vi behandlar ocks\u00e5 dina personuppgifter f\u00f6r att hj\u00e4lpa oss att f\u00f6lja lagen, f\u00f6r att s\u00e4lja eller \u00f6verf\u00f6ra n\u00e5gon relevant del av v\u00e5r verksamhet, f\u00f6r att hantera v\u00e5ra system och ekonomi, f\u00f6r att genomf\u00f6ra utredningar och f\u00f6r att ut\u00f6va lagliga r\u00e4ttigheter. Vi kombinerar dina personuppgifter fr\u00e5n alla k\u00e4llor s\u00e5 att vi kan f\u00f6rst\u00e5 dig b\u00e4ttre f\u00f6r att f\u00f6rb\u00e4ttra och anpassa din upplevelse n\u00e4r vi interagerar med oss.<\/p>\n\n<h3 class=\"wp-block-heading\">Vem kan komma \u00e5t dina personuppgifter och varf\u00f6r?<\/h3>\n\n<p>Vi begr\u00e4nsar utl\u00e4mnandet av dina personuppgifter till andra, men vi beh\u00f6ver l\u00e4mna ut dina personuppgifter i vissa fall och fr\u00e4mst till f\u00f6ljande mottagare:<\/p>\n\n<p>F\u00f6retag inom boqi Group, d\u00e4r det kr\u00e4vs f\u00f6r v\u00e5ra legitima intressen eller med ditt samtycke;<\/p>\n\n<p>Tredje parter som anlitas av oss f\u00f6r att tillhandah\u00e5lla tj\u00e4nster s\u00e5som administrering av boqi-webbplatser, applikationer och tj\u00e4nster (t.ex. funktioner, program och kampanjer) tillg\u00e4ngliga f\u00f6r dig, med f\u00f6rbeh\u00e5ll f\u00f6r l\u00e4mpligt skydd;<\/p>\n\n<p>Kreditupplysningsf\u00f6retag\/inkasserare, d\u00e4r lagen till\u00e5ter och om vi beh\u00f6ver verifiera din kreditv\u00e4rdighet (t.ex. om du v\u00e4ljer att best\u00e4lla med faktura) eller samla in utest\u00e5ende fakturor; och Relevanta offentliga myndigheter och myndigheter, om det kr\u00e4vs enligt lag eller ber\u00e4ttigat aff\u00e4rsintresse.<\/p>\n\n<h2 class=\"wp-block-heading\">Datas\u00e4kerhet och lagring<\/h2>\n\n<p>Vi anv\u00e4nder en m\u00e4ngd olika \u00e5tg\u00e4rder f\u00f6r att h\u00e5lla dina personuppgifter konfidentiella och s\u00e4kra, inklusive att begr\u00e4nsa \u00e5tkomsten till dina personuppgifter om du beh\u00f6ver veta och f\u00f6lja l\u00e4mpliga s\u00e4kerhetsstandarder f\u00f6r att skydda dina uppgifter.<\/p>\n\n<p>Vi vidtar alla rimliga \u00e5tg\u00e4rder f\u00f6r att s\u00e4kerst\u00e4lla att dina personuppgifter endast behandlas under den minimiperiod som kr\u00e4vs i samband med: (i) syftena som anges i detta sekretessmeddelande; (ii) eventuella ytterligare syften som meddelats dig vid eller f\u00f6re tidpunkten f\u00f6r insamlingen av relevanta personuppgifter eller p\u00e5b\u00f6rjandet av den relevanta behandlingen; eller (iii) som kr\u00e4vs eller till\u00e5ts enligt till\u00e4mplig lag; och d\u00e4refter, under hela till\u00e4mplig preskriptionstid. Kort sagt, n\u00e4r dina personuppgifter inte l\u00e4ngre beh\u00f6vs kommer vi att f\u00f6rst\u00f6ra eller radera dem p\u00e5 ett s\u00e4kert s\u00e4tt.<\/p>\n\n<h2 class=\"wp-block-heading\">Kontakta oss<\/h2>\n\n<p>boqi agerar som &quot;kontrollant&quot; av dina personuppgifter som behandlas under, eller i samband med, detta integritetsmeddelande. Om du har n\u00e5gra fr\u00e5gor eller kommentarer ang\u00e5ende detta integritetsmeddelande eller boqis praxis f\u00f6r insamling och behandling av personuppgifter, v\u00e4nligen kontakta oss, eller skicka e-post till info@boqiled.com eller maila oss p\u00e5:<\/p>\n\n<p>Shangshuijing 6 Industrial Park,<br \/>Longgang District, Shenzhen City,<br \/>Guangdong-provinsen<br \/>Kina.<\/p>\n\t\t\t\t\t\t\t\t<\/div>\n\t\t\t\t\t<\/div>\n\t\t<\/div>\n\t\t\t\t\t<\/div>\n\t\t<\/section>\n\t\t\t\t<\/div>","protected":false},"excerpt":{"rendered":"<p>Privacy matters. We know that data privacy is a top issue today, and we want you to enjoy your interaction with us whilst knowing that we value your Personal Data and that we protect it. Here you will find an overview of how we process your Personal Data, the purposes for which we process it, [&hellip;]<\/p>","protected":false},"author":1,"featured_media":0,"parent":0,"menu_order":0,"comment_status":"closed","ping_status":"open","template":"","meta":{"_seopress_robots_primary_cat":"","_seopress_titles_title":"","_seopress_titles_desc":"Privacy Policy, Who we are, Our website address is: http:\/\/boqiled.com. And let you know what personal data we collect and why we collect it","_seopress_robots_index":"","footnotes":""},"class_list":["post-3","page","type-page","status-publish"],"_links":{"self":[{"href":"https:\/\/boqiled.com\/sv\/wp-json\/wp\/v2\/pages\/3","targetHints":{"allow":["GET"]}}],"collection":[{"href":"https:\/\/boqiled.com\/sv\/wp-json\/wp\/v2\/pages"}],"about":[{"href":"https:\/\/boqiled.com\/sv\/wp-json\/wp\/v2\/types\/page"}],"author":[{"embeddable":true,"href":"https:\/\/boqiled.com\/sv\/wp-json\/wp\/v2\/users\/1"}],"replies":[{"embeddable":true,"href":"https:\/\/boqiled.com\/sv\/wp-json\/wp\/v2\/comments?post=3"}],"version-history":[{"count":0,"href":"https:\/\/boqiled.com\/sv\/wp-json\/wp\/v2\/pages\/3\/revisions"}],"wp:attachment":[{"href":"https:\/\/boqiled.com\/sv\/wp-json\/wp\/v2\/media?parent=3"}],"curies":[{"name":"wp","href":"https:\/\/api.w.org\/{rel}","templated":true}]}}