{"id":9335,"date":"2023-05-08T17:42:20","date_gmt":"2023-05-08T09:42:20","guid":{"rendered":"https:\/\/boqiled.com\/?page_id=9335"},"modified":"2023-05-08T17:44:10","modified_gmt":"2023-05-08T09:44:10","slug":"styrenheter-for-ledbelysning","status":"publish","type":"page","link":"https:\/\/boqiled.com\/sv\/styrenheter-for-ledbelysning\/","title":{"rendered":"Styrenheter f\u00f6r LED-belysning"},"content":{"rendered":"<div data-elementor-type=\"wp-page\" data-elementor-id=\"9335\" class=\"elementor elementor-9335\" data-elementor-post-type=\"page\">\n\t\t\t\t\t\t<section class=\"elementor-section elementor-top-section elementor-element elementor-element-2a0053de elementor-section-boxed elementor-section-height-default elementor-section-height-default\" data-id=\"2a0053de\" data-element_type=\"section\" data-settings=\"{&quot;background_background&quot;:&quot;classic&quot;}\">\n\t\t\t\t\t\t<div class=\"elementor-container elementor-column-gap-default\">\n\t\t\t\t\t<div class=\"elementor-column elementor-col-100 elementor-top-column elementor-element elementor-element-31e0b9cc\" data-id=\"31e0b9cc\" data-element_type=\"column\">\n\t\t\t<div class=\"elementor-widget-wrap elementor-element-populated\">\n\t\t\t\t\t\t<div class=\"elementor-element elementor-element-243c2607 elementor-widget elementor-widget-text-editor\" data-id=\"243c2607\" data-element_type=\"widget\" data-widget_type=\"text-editor.default\">\n\t\t\t\t\t\t\t\t\t<h2 style=\"text-align: center;\"><span style=\"color: #ffffff;\">Grossist LED Lighting Controllers bara p\u00e5 ett st\u00e4lle -&nbsp;<\/span><span style=\"color: #ffffff;\">De ultimata l\u00f6sningarna<\/span><\/h2>\t\t\t\t\t\t\t\t<\/div>\n\t\t\t\t<div class=\"elementor-element elementor-element-e0ed1b4 elementor-widget elementor-widget-text-editor\" data-id=\"e0ed1b4\" data-element_type=\"widget\" data-widget_type=\"text-editor.default\">\n\t\t\t\t\t\t\t\t\t<p style=\"text-align: center;\"><span style=\"color: #ffffff;\">Vill du s\u00e4lja eller f\u00f6redra r\u00e4tt LED Lighting Controllers ombord? Denna ultimata l\u00f6sningsguide - H\u00e4r hj\u00e4lper dig allt om grossistf\u00f6rs\u00e4ljning eller att f\u00f6redra r\u00e4tt\u00a0<\/span><span style=\"color: #ffffff; font-family: var( --e-global-typography-576221b-font-family ), Sans-serif; font-weight: var( --e-global-typography-576221b-font-weight ); letter-spacing: var( --e-global-typography-576221b-letter-spacing ); word-spacing: var( --e-global-typography-576221b-word-spacing );\">Styrenheter f\u00f6r belysning.<\/span><\/p>\t\t\t\t\t\t\t\t<\/div>\n\t\t\t\t\t<\/div>\n\t\t<\/div>\n\t\t\t\t\t<\/div>\n\t\t<\/section>\n\t\t\t\t<section class=\"elementor-section elementor-top-section elementor-element elementor-element-283b02f6 elementor-section-boxed elementor-section-height-default elementor-section-height-default\" data-id=\"283b02f6\" data-element_type=\"section\">\n\t\t\t\t\t\t<div class=\"elementor-container elementor-column-gap-default\">\n\t\t\t\t\t<div class=\"elementor-column elementor-col-50 elementor-top-column elementor-element elementor-element-cd90940\" data-id=\"cd90940\" data-element_type=\"column\">\n\t\t\t<div class=\"elementor-widget-wrap elementor-element-populated\">\n\t\t\t\t\t\t<div class=\"elementor-element elementor-element-284709aa elementor-widget elementor-widget-heading\" data-id=\"284709aa\" data-element_type=\"widget\" data-widget_type=\"heading.default\">\n\t\t\t\t\t<h2 class=\"elementor-heading-title elementor-size-default\">alla kategorier<\/h2>\t\t\t\t<\/div>\n\t\t\t\t<div class=\"elementor-element elementor-element-381a7c08 elementor-widget elementor-widget-heading\" data-id=\"381a7c08\" data-element_type=\"widget\" data-widget_type=\"heading.default\">\n\t\t\t\t\t<h5 class=\"elementor-heading-title elementor-size-default\"><a href=\"https:\/\/boqiled.com\/led-lighting-controllers\/rf-dim-control-system\/\">Styrsystem f\u00f6r RF DIM<\/a><\/h5>\t\t\t\t<\/div>\n\t\t\t\t<div class=\"elementor-element elementor-element-5dfbc4f5 elementor-widget elementor-widget-heading\" data-id=\"5dfbc4f5\" data-element_type=\"widget\" data-widget_type=\"heading.default\">\n\t\t\t\t\t<h5 class=\"elementor-heading-title elementor-size-default\"><a href=\"https:\/\/boqiled.com\/led-lighting-controllers\/rf-cct-control-system\/\">RF CCT-kontrollsystem<\/a><\/h5>\t\t\t\t<\/div>\n\t\t\t\t<div class=\"elementor-element elementor-element-2079e9b9 elementor-widget elementor-widget-heading\" data-id=\"2079e9b9\" data-element_type=\"widget\" data-widget_type=\"heading.default\">\n\t\t\t\t\t<h5 class=\"elementor-heading-title elementor-size-default\"><a href=\"https:\/\/boqiled.com\/led-lighting-controllers\/rf-rgb-rgbw-control-system\/\">Styrsystem f\u00f6r RF RGB\/RGBW<\/a><\/h5>\t\t\t\t<\/div>\n\t\t\t\t<div class=\"elementor-element elementor-element-1a30f5c2 elementor-widget elementor-widget-heading\" data-id=\"1a30f5c2\" data-element_type=\"widget\" data-widget_type=\"heading.default\">\n\t\t\t\t\t<h5 class=\"elementor-heading-title elementor-size-default\"><a href=\"https:\/\/boqiled.com\/led-lighting-controllers\/rf-rgbcct-control-system\/\">RF RGB+CCT styrsystem<\/a><\/h5>\t\t\t\t<\/div>\n\t\t\t\t<div class=\"elementor-element elementor-element-73333d37 elementor-widget elementor-widget-heading\" data-id=\"73333d37\" data-element_type=\"widget\" data-widget_type=\"heading.default\">\n\t\t\t\t\t<h5 class=\"elementor-heading-title elementor-size-default\"><a href=\"https:\/\/boqiled.com\/led-lighting-controllers\/rf-tuya-wi-fi-zigbee-bluetooth-series\/\">RF &amp; Tuya Wi-Fi\/Zigbee\/Bluetooth-serien<\/a><\/h5>\t\t\t\t<\/div>\n\t\t\t\t<div class=\"elementor-element elementor-element-5ffd318a elementor-widget elementor-widget-heading\" data-id=\"5ffd318a\" data-element_type=\"widget\" data-widget_type=\"heading.default\">\n\t\t\t\t\t<h5 class=\"elementor-heading-title elementor-size-default\"><a href=\"https:\/\/boqiled.com\/led-lighting-controllers\/dmx512-series\/\">DMX512-serien<\/a><\/h5>\t\t\t\t<\/div>\n\t\t\t\t<div class=\"elementor-element elementor-element-487f5f89 elementor-widget elementor-widget-heading\" data-id=\"487f5f89\" data-element_type=\"widget\" data-widget_type=\"heading.default\">\n\t\t\t\t\t<h5 class=\"elementor-heading-title elementor-size-default\"><a href=\"https:\/\/boqiled.com\/led-lighting-controllers\/dali-controller\/\">DALI-styrenhet<\/a><\/h5>\t\t\t\t<\/div>\n\t\t\t\t<div class=\"elementor-element elementor-element-4fc3fb93 elementor-widget elementor-widget-heading\" data-id=\"4fc3fb93\" data-element_type=\"widget\" data-widget_type=\"heading.default\">\n\t\t\t\t\t<h5 class=\"elementor-heading-title elementor-size-default\"><a href=\"https:\/\/boqiled.com\/led-lighting-controllers\/zigbee-3-0-series\/\">Zigbee 3.0-serien<\/a><\/h5>\t\t\t\t<\/div>\n\t\t\t\t<div class=\"elementor-element elementor-element-481e12a9 elementor-widget elementor-widget-heading\" data-id=\"481e12a9\" data-element_type=\"widget\" data-widget_type=\"heading.default\">\n\t\t\t\t\t<h5 class=\"elementor-heading-title elementor-size-default\"><a href=\"https:\/\/boqiled.com\/led-lighting-controllers\/triac-controller\/\">TRIAC-styrenhet<\/a><\/h5>\t\t\t\t<\/div>\n\t\t\t\t<div class=\"elementor-element elementor-element-fac8036 elementor-widget elementor-widget-heading\" data-id=\"fac8036\" data-element_type=\"widget\" data-widget_type=\"heading.default\">\n\t\t\t\t\t<h5 class=\"elementor-heading-title elementor-size-default\"><a href=\"https:\/\/boqiled.com\/led-lighting-controllers\/0-1-10v-controller\/\">0\/1-10V-regulator<\/a><\/h5>\t\t\t\t<\/div>\n\t\t\t\t<div class=\"elementor-element elementor-element-5e0341c5 elementor-widget elementor-widget-heading\" data-id=\"5e0341c5\" data-element_type=\"widget\" data-widget_type=\"heading.default\">\n\t\t\t\t\t<h5 class=\"elementor-heading-title elementor-size-default\"><a href=\"https:\/\/boqiled.com\/led-lighting-controllers\/sensor-controller\/\">Styrenhet f\u00f6r sensor<\/a><\/h5>\t\t\t\t<\/div>\n\t\t\t\t<div class=\"elementor-element elementor-element-4e4c0590 elementor-widget elementor-widget-heading\" data-id=\"4e4c0590\" data-element_type=\"widget\" data-widget_type=\"heading.default\">\n\t\t\t\t\t<h5 class=\"elementor-heading-title elementor-size-default\"><a href=\"https:\/\/boqiled.com\/led-lighting-controllers\/spi-controller\/\">SPI-styrenhet<\/a><\/h5>\t\t\t\t<\/div>\n\t\t\t\t<div class=\"elementor-element elementor-element-6f13e7 elementor-widget elementor-widget-heading\" data-id=\"6f13e7\" data-element_type=\"widget\" data-widget_type=\"heading.default\">\n\t\t\t\t\t<h5 class=\"elementor-heading-title elementor-size-default\"><a href=\"https:\/\/boqiled.com\/led-lighting-controllers\/power-repeater\/\">Kraftf\u00f6rst\u00e4rkare<\/a><\/h5>\t\t\t\t<\/div>\n\t\t\t\t<div class=\"elementor-element elementor-element-43bdd764 elementor-widget elementor-widget-wp-widget-search\" data-id=\"43bdd764\" data-element_type=\"widget\" data-widget_type=\"wp-widget-search.default\">\n\t\t\t\t<div class=\"elementor-widget-container\">\n\t\t\t\t\t<form role=\"search\" method=\"get\" class=\"search-form\" action=\"https:\/\/boqiled.com\/sv\/\" data-trp-original-action=\"https:\/\/boqiled.com\/sv\/\">\n\t\t\t\t<label>\n\t\t\t\t\t<span class=\"screen-reader-text\">S\u00f6k efter:<\/span>\n\t\t\t\t\t<input type=\"search\" class=\"search-field\" placeholder=\"S\u00f6k \u2026\" value=\"\" name=\"s\" \/>\n\t\t\t\t<\/label>\n\t\t\t\t<input type=\"submit\" class=\"search-submit\" value=\"S\u00f6k\" \/>\n\t\t\t<input type=\"hidden\" name=\"trp-form-language\" value=\"sv\"\/><\/form>\t\t\t\t<\/div>\n\t\t\t\t<\/div>\n\t\t\t\t\t<\/div>\n\t\t<\/div>\n\t\t\t\t<div class=\"elementor-column elementor-col-50 elementor-top-column elementor-element elementor-element-1ddfe233\" data-id=\"1ddfe233\" data-element_type=\"column\">\n\t\t\t<div class=\"elementor-widget-wrap\">\n\t\t\t\t\t\t\t<\/div>\n\t\t<\/div>\n\t\t\t\t\t<\/div>\n\t\t<\/section>\n\t\t\t\t<\/div>","protected":false},"excerpt":{"rendered":"<p>Wholesale LED Lighting Controllers Just in One Place&nbsp; &#8211;&nbsp;The Ultimate Solutions Want to wholesale or prefer right LED Lighting Controllers onboard? This ultimate solution guide &#8211; Here would help you everything about wholesaling or preferring right&nbsp;Lighting Controllers. All Categories RF DIM Control System [product_categories number=&#8221;&#8221; columns=&#8221;1&#8243; hide_empty=&#8221;1&#8243; orderby=&#8221;description&#8221; order=&#8221;asc&#8221; parent=&#8221;382&#8243;] RF CCT Control System [product_categories [&hellip;]<\/p>","protected":false},"author":1,"featured_media":0,"parent":0,"menu_order":0,"comment_status":"closed","ping_status":"closed","template":"","meta":{"_seopress_robots_primary_cat":"","_seopress_titles_title":"LED Lighting Controllers - boqi led driver","_seopress_titles_desc":"","_seopress_robots_index":"","footnotes":""},"class_list":["post-9335","page","type-page","status-publish"],"_links":{"self":[{"href":"https:\/\/boqiled.com\/sv\/wp-json\/wp\/v2\/pages\/9335","targetHints":{"allow":["GET"]}}],"collection":[{"href":"https:\/\/boqiled.com\/sv\/wp-json\/wp\/v2\/pages"}],"about":[{"href":"https:\/\/boqiled.com\/sv\/wp-json\/wp\/v2\/types\/page"}],"author":[{"embeddable":true,"href":"https:\/\/boqiled.com\/sv\/wp-json\/wp\/v2\/users\/1"}],"replies":[{"embeddable":true,"href":"https:\/\/boqiled.com\/sv\/wp-json\/wp\/v2\/comments?post=9335"}],"version-history":[{"count":0,"href":"https:\/\/boqiled.com\/sv\/wp-json\/wp\/v2\/pages\/9335\/revisions"}],"wp:attachment":[{"href":"https:\/\/boqiled.com\/sv\/wp-json\/wp\/v2\/media?parent=9335"}],"curies":[{"name":"wp","href":"https:\/\/api.w.org\/{rel}","templated":true}]}}